{"id":1926,"date":"2025-09-11T08:19:53","date_gmt":"2025-09-11T08:19:53","guid":{"rendered":"https:\/\/hotelcasacanovas.com\/defiant\/?page_id=1926"},"modified":"2025-09-11T08:25:49","modified_gmt":"2025-09-11T08:25:49","slug":"allergenes","status":"publish","type":"page","link":"https:\/\/hotelcasacanovas.com\/fr\/alergenos\/","title":{"rendered":"Allerg\u00e8nes"},"content":{"rendered":"<div data-elementor-type=\"wp-page\" data-elementor-id=\"1926\" class=\"elementor elementor-1926\" data-elementor-post-type=\"page\">\n\t\t\t\t<div class=\"elementor-element elementor-element-c304aab e-flex e-con-boxed e-con e-parent\" data-id=\"c304aab\" data-element_type=\"container\" data-e-type=\"container\" data-settings=\"{&quot;background_background&quot;:&quot;classic&quot;}\">\n\t\t\t\t\t<div class=\"e-con-inner\">\n\t\t<div class=\"elementor-element elementor-element-fd357fa e-con-full e-flex e-con e-child\" data-id=\"fd357fa\" data-element_type=\"container\" data-e-type=\"container\">\n\t\t\t\t<div class=\"elementor-element elementor-element-68f926a elementor-view-default elementor-widget elementor-widget-icon\" data-id=\"68f926a\" data-element_type=\"widget\" data-e-type=\"widget\" data-widget_type=\"icon.default\">\n\t\t\t\t\t\t\t<div class=\"elementor-icon-wrapper\">\n\t\t\t<div class=\"elementor-icon\">\n\t\t\t<svg xmlns=\"http:\/\/www.w3.org\/2000\/svg\" width=\"600\" height=\"47\" viewbox=\"0 0 600 47\" fill=\"none\"><path d=\"M1.99998 47L2 2L598 2L598 47\" stroke=\"black\" stroke-width=\"3\"><\/path><\/svg>\t\t\t<\/div>\n\t\t<\/div>\n\t\t\t\t\t\t<\/div>\n\t\t<div class=\"elementor-element elementor-element-58b4819 e-con-full e-flex e-con e-child\" data-id=\"58b4819\" data-element_type=\"container\" data-e-type=\"container\">\n\t\t\t\t<div class=\"elementor-element elementor-element-20f0902 elementor-widget__width-inherit elementor-widget elementor-widget-heading\" data-id=\"20f0902\" data-element_type=\"widget\" data-e-type=\"widget\" data-widget_type=\"heading.default\">\n\t\t\t\t\t<h2 class=\"elementor-heading-title elementor-size-default\">Liste des allerg\u00e8nes.<\/h2>\t\t\t\t<\/div>\n\t\t\t\t<div class=\"elementor-element elementor-element-203de6b elementor-widget__width-initial elementor-widget elementor-widget-text-editor\" data-id=\"203de6b\" data-element_type=\"widget\" data-e-type=\"widget\" data-widget_type=\"text-editor.default\">\n\t\t\t\t\t\t\t\t\t<p>1- Contient du gluten\u00a0<br \/>2- Les crustac\u00e9s<br \/>3- \u0152uf<br \/>4- Poisson<br \/>5- Cacahu\u00e8tes<br \/>6- Soja<br \/>7- Produits laitiers<\/p>\t\t\t\t\t\t\t\t<\/div>\n\t\t\t\t<div class=\"elementor-element elementor-element-f03851e elementor-widget__width-initial elementor-widget elementor-widget-text-editor\" data-id=\"f03851e\" data-element_type=\"widget\" data-e-type=\"widget\" data-widget_type=\"text-editor.default\">\n\t\t\t\t\t\t\t\t\t<p>8- Ecrous<br \/>9- C\u00e9leri<br \/>10- Moutarde<br \/>11- Graines de s\u00e9same<br \/>12- Anhydride sulfureux et sulfites<br \/>13- Lupins<br \/>14- Mollusques<\/p>\t\t\t\t\t\t\t\t<\/div>\n\t\t\t\t<\/div>\n\t\t\t\t<div class=\"elementor-element elementor-element-992ae29 elementor-view-default elementor-widget elementor-widget-icon\" data-id=\"992ae29\" data-element_type=\"widget\" data-e-type=\"widget\" data-widget_type=\"icon.default\">\n\t\t\t\t\t\t\t<div class=\"elementor-icon-wrapper\">\n\t\t\t<div class=\"elementor-icon\">\n\t\t\t<svg xmlns=\"http:\/\/www.w3.org\/2000\/svg\" width=\"600\" height=\"47\" viewbox=\"0 0 600 47\" fill=\"none\"><path d=\"M598 -7.02143e-05L598 45L2 45.0001L2 6.281e-05\" stroke=\"black\" stroke-width=\"3\"><\/path><\/svg>\t\t\t<\/div>\n\t\t<\/div>\n\t\t\t\t\t\t<\/div>\n\t\t\t\t<\/div>\n\t\t\t\t<div class=\"elementor-element elementor-element-487d764 elementor-widget-mobile__width-inherit elementor-view-default elementor-widget elementor-widget-icon\" data-id=\"487d764\" data-element_type=\"widget\" data-e-type=\"widget\" data-widget_type=\"icon.default\">\n\t\t\t\t\t\t\t<div class=\"elementor-icon-wrapper\">\n\t\t\t<a class=\"elementor-icon\" href=\"https:\/\/hotelcasacanovas.com\/fr\/?page_id=1727\">\n\t\t\t<svg xmlns=\"http:\/\/www.w3.org\/2000\/svg\" width=\"62\" height=\"62\" viewbox=\"0 0 62 62\" fill=\"none\"><circle cx=\"31\" cy=\"31\" r=\"29.5\" stroke=\"black\" stroke-width=\"3\"><\/circle><path d=\"M38 24L23 39\" stroke=\"black\" stroke-width=\"3\"><\/path><path d=\"M23 24L37.1667 39\" stroke=\"black\" stroke-width=\"3\"><\/path><\/svg>\t\t\t<\/a>\n\t\t<\/div>\n\t\t\t\t\t\t<\/div>\n\t\t\t\t\t<\/div>\n\t\t\t\t<\/div>\n\t\t\t\t<\/div>","protected":false},"excerpt":{"rendered":"<p>Liste des allerg\u00e8nes. 1- Contient du gluten 2- Crustac\u00e9s3- Oeufs4- Poisson5- Arachides6- Soja7- Produits laitiers 8- Noix9- C\u00e9leri10- Moutarde11- Graines de s\u00e9same12- Anhydride sulfureux et sulfites13- Lupins14- Mollusques<\/p>","protected":false},"author":9,"featured_media":0,"parent":0,"menu_order":0,"comment_status":"closed","ping_status":"closed","template":"","meta":{"footnotes":""},"class_list":["post-1926","page","type-page","status-publish","hentry"],"yoast_head":"<!-- This site is optimized with the Yoast SEO plugin v27.3 - https:\/\/yoast.com\/product\/yoast-seo-wordpress\/ -->\n<title>Al\u00e9rgenos | Hotel Casa C\u00e1novas<\/title>\n<meta name=\"robots\" content=\"index, follow, max-snippet:-1, max-image-preview:large, max-video-preview:-1\" \/>\n<link rel=\"canonical\" href=\"https:\/\/hotelcasacanovas.com\/fr\/allergenes\/\" \/>\n<meta property=\"og:locale\" content=\"fr_FR\" \/>\n<meta property=\"og:type\" content=\"article\" \/>\n<meta property=\"og:title\" content=\"Al\u00e9rgenos | Hotel Casa C\u00e1novas\" \/>\n<meta property=\"og:description\" content=\"Lista de al\u00e9rgenos. 1- Contiene Gluten\u00a02- Crust\u00e1ceos3- Huevo4- Pescado5- Cacahuetes6- Soja7- L\u00e1cteos 8- Frutos de c\u00e1scaras9- Apio10- Mostaza11- Granos de s\u00e9samo12- Di\u00f3xido de azufre y sulfitos13- Altramuces14- Moluscos\" \/>\n<meta property=\"og:url\" content=\"https:\/\/hotelcasacanovas.com\/fr\/allergenes\/\" \/>\n<meta property=\"og:site_name\" content=\"Hotel Casa C\u00e1novas\" \/>\n<meta property=\"article:modified_time\" content=\"2025-09-11T08:25:49+00:00\" \/>\n<meta property=\"og:image\" content=\"https:\/\/hotelcasacanovas.com\/wp-content\/uploads\/2025\/10\/terraza-cadiz-hotel.webp\" \/>\n\t<meta property=\"og:image:width\" content=\"1284\" \/>\n\t<meta property=\"og:image:height\" content=\"1594\" \/>\n\t<meta property=\"og:image:type\" content=\"image\/webp\" \/>\n<meta name=\"twitter:card\" content=\"summary_large_image\" \/>\n<script type=\"application\/ld+json\" class=\"yoast-schema-graph\">{\"@context\":\"https:\\\/\\\/schema.org\",\"@graph\":[{\"@type\":\"WebPage\",\"@id\":\"https:\\\/\\\/hotelcasacanovas.com\\\/alergenos\\\/\",\"url\":\"https:\\\/\\\/hotelcasacanovas.com\\\/alergenos\\\/\",\"name\":\"Al\u00e9rgenos | Hotel Casa C\u00e1novas\",\"isPartOf\":{\"@id\":\"https:\\\/\\\/hotelcasacanovas.com\\\/#website\"},\"datePublished\":\"2025-09-11T08:19:53+00:00\",\"dateModified\":\"2025-09-11T08:25:49+00:00\",\"breadcrumb\":{\"@id\":\"https:\\\/\\\/hotelcasacanovas.com\\\/alergenos\\\/#breadcrumb\"},\"inLanguage\":\"fr-FR\",\"potentialAction\":[{\"@type\":\"ReadAction\",\"target\":[\"https:\\\/\\\/hotelcasacanovas.com\\\/alergenos\\\/\"]}]},{\"@type\":\"BreadcrumbList\",\"@id\":\"https:\\\/\\\/hotelcasacanovas.com\\\/alergenos\\\/#breadcrumb\",\"itemListElement\":[{\"@type\":\"ListItem\",\"position\":1,\"name\":\"Portada\",\"item\":\"https:\\\/\\\/hotelcasacanovas.com\\\/\"},{\"@type\":\"ListItem\",\"position\":2,\"name\":\"Al\u00e9rgenos\"}]},{\"@type\":\"WebSite\",\"@id\":\"https:\\\/\\\/hotelcasacanovas.com\\\/#website\",\"url\":\"https:\\\/\\\/hotelcasacanovas.com\\\/\",\"name\":\"Hotel Casa C\u00e1novas\",\"description\":\"Hotel en C\u00e1diz \u00danico &amp; Vanguardista\",\"publisher\":{\"@id\":\"https:\\\/\\\/hotelcasacanovas.com\\\/#organization\"},\"alternateName\":\"Hotel Casa C\u00e1novas en C\u00e1diz\",\"potentialAction\":[{\"@type\":\"SearchAction\",\"target\":{\"@type\":\"EntryPoint\",\"urlTemplate\":\"https:\\\/\\\/hotelcasacanovas.com\\\/?s={search_term_string}\"},\"query-input\":{\"@type\":\"PropertyValueSpecification\",\"valueRequired\":true,\"valueName\":\"search_term_string\"}}],\"inLanguage\":\"fr-FR\"},{\"@type\":\"Organization\",\"@id\":\"https:\\\/\\\/hotelcasacanovas.com\\\/#organization\",\"name\":\"Hotel Casa C\u00e1novas\",\"alternateName\":\"Hotel Casa C\u00e1novas | Hotel en C\u00e1diz\",\"url\":\"https:\\\/\\\/hotelcasacanovas.com\\\/\",\"logo\":{\"@type\":\"ImageObject\",\"inLanguage\":\"fr-FR\",\"@id\":\"https:\\\/\\\/hotelcasacanovas.com\\\/#\\\/schema\\\/logo\\\/image\\\/\",\"url\":\"https:\\\/\\\/hotelcasacanovas.com\\\/wp-content\\\/uploads\\\/2025\\\/09\\\/logo_CasaCanovas_fondoNegro-1.webp\",\"contentUrl\":\"https:\\\/\\\/hotelcasacanovas.com\\\/wp-content\\\/uploads\\\/2025\\\/09\\\/logo_CasaCanovas_fondoNegro-1.webp\",\"width\":663,\"height\":494,\"caption\":\"Hotel Casa C\u00e1novas\"},\"image\":{\"@id\":\"https:\\\/\\\/hotelcasacanovas.com\\\/#\\\/schema\\\/logo\\\/image\\\/\"},\"sameAs\":[\"https:\\\/\\\/www.instagram.com\\\/casacanovashotel\\\/\",\"https:\\\/\\\/www.facebook.com\\\/profile.php?id=100071179719581\"]}]}<\/script>\n<!-- \/ Yoast SEO plugin. -->","yoast_head_json":{"title":"Allerg\u00e8nes | H\u00f4tel Casa C\u00e1novas","robots":{"index":"index","follow":"follow","max-snippet":"max-snippet:-1","max-image-preview":"max-image-preview:large","max-video-preview":"max-video-preview:-1"},"canonical":"https:\/\/hotelcasacanovas.com\/fr\/allergenes\/","og_locale":"fr_FR","og_type":"article","og_title":"Al\u00e9rgenos | Hotel Casa C\u00e1novas","og_description":"Lista de al\u00e9rgenos. 1- Contiene Gluten\u00a02- Crust\u00e1ceos3- Huevo4- Pescado5- Cacahuetes6- Soja7- L\u00e1cteos 8- Frutos de c\u00e1scaras9- Apio10- Mostaza11- Granos de s\u00e9samo12- Di\u00f3xido de azufre y sulfitos13- Altramuces14- Moluscos","og_url":"https:\/\/hotelcasacanovas.com\/fr\/allergenes\/","og_site_name":"Hotel Casa C\u00e1novas","article_modified_time":"2025-09-11T08:25:49+00:00","og_image":[{"width":1284,"height":1594,"url":"https:\/\/hotelcasacanovas.com\/wp-content\/uploads\/2025\/10\/terraza-cadiz-hotel.webp","type":"image\/webp"}],"twitter_card":"summary_large_image","schema":{"@context":"https:\/\/schema.org","@graph":[{"@type":"WebPage","@id":"https:\/\/hotelcasacanovas.com\/alergenos\/","url":"https:\/\/hotelcasacanovas.com\/alergenos\/","name":"Allerg\u00e8nes | H\u00f4tel Casa C\u00e1novas","isPartOf":{"@id":"https:\/\/hotelcasacanovas.com\/#website"},"datePublished":"2025-09-11T08:19:53+00:00","dateModified":"2025-09-11T08:25:49+00:00","breadcrumb":{"@id":"https:\/\/hotelcasacanovas.com\/alergenos\/#breadcrumb"},"inLanguage":"fr-FR","potentialAction":[{"@type":"ReadAction","target":["https:\/\/hotelcasacanovas.com\/alergenos\/"]}]},{"@type":"BreadcrumbList","@id":"https:\/\/hotelcasacanovas.com\/alergenos\/#breadcrumb","itemListElement":[{"@type":"ListItem","position":1,"name":"Portada","item":"https:\/\/hotelcasacanovas.com\/"},{"@type":"ListItem","position":2,"name":"Al\u00e9rgenos"}]},{"@type":"WebSite","@id":"https:\/\/hotelcasacanovas.com\/#website","url":"https:\/\/hotelcasacanovas.com\/","name":"H\u00f4tel Casa C\u00e1novas","description":"H\u00f4tel unique et avant-gardiste \u00e0 Cadix","publisher":{"@id":"https:\/\/hotelcasacanovas.com\/#organization"},"alternateName":"Hotel Casa C\u00e1novas en C\u00e1diz","potentialAction":[{"@type":"SearchAction","target":{"@type":"EntryPoint","urlTemplate":"https:\/\/hotelcasacanovas.com\/?s={search_term_string}"},"query-input":{"@type":"PropertyValueSpecification","valueRequired":true,"valueName":"search_term_string"}}],"inLanguage":"fr-FR"},{"@type":"Organization","@id":"https:\/\/hotelcasacanovas.com\/#organization","name":"H\u00f4tel Casa C\u00e1novas","alternateName":"Hotel Casa C\u00e1novas | Hotel en C\u00e1diz","url":"https:\/\/hotelcasacanovas.com\/","logo":{"@type":"ImageObject","inLanguage":"fr-FR","@id":"https:\/\/hotelcasacanovas.com\/#\/schema\/logo\/image\/","url":"https:\/\/hotelcasacanovas.com\/wp-content\/uploads\/2025\/09\/logo_CasaCanovas_fondoNegro-1.webp","contentUrl":"https:\/\/hotelcasacanovas.com\/wp-content\/uploads\/2025\/09\/logo_CasaCanovas_fondoNegro-1.webp","width":663,"height":494,"caption":"Hotel Casa C\u00e1novas"},"image":{"@id":"https:\/\/hotelcasacanovas.com\/#\/schema\/logo\/image\/"},"sameAs":["https:\/\/www.instagram.com\/casacanovashotel\/","https:\/\/www.facebook.com\/profile.php?id=100071179719581"]}]}},"_links":{"self":[{"href":"https:\/\/hotelcasacanovas.com\/fr\/wp-json\/wp\/v2\/pages\/1926","targetHints":{"allow":["GET"]}}],"collection":[{"href":"https:\/\/hotelcasacanovas.com\/fr\/wp-json\/wp\/v2\/pages"}],"about":[{"href":"https:\/\/hotelcasacanovas.com\/fr\/wp-json\/wp\/v2\/types\/page"}],"author":[{"embeddable":true,"href":"https:\/\/hotelcasacanovas.com\/fr\/wp-json\/wp\/v2\/users\/9"}],"replies":[{"embeddable":true,"href":"https:\/\/hotelcasacanovas.com\/fr\/wp-json\/wp\/v2\/comments?post=1926"}],"version-history":[{"count":0,"href":"https:\/\/hotelcasacanovas.com\/fr\/wp-json\/wp\/v2\/pages\/1926\/revisions"}],"wp:attachment":[{"href":"https:\/\/hotelcasacanovas.com\/fr\/wp-json\/wp\/v2\/media?parent=1926"}],"curies":[{"name":"wp","href":"https:\/\/api.w.org\/{rel}","templated":true}]}}