{"id":1747,"date":"2025-09-08T11:02:42","date_gmt":"2025-09-08T11:02:42","guid":{"rendered":"https:\/\/hotelcasacanovas.com\/defiant\/?page_id=1747"},"modified":"2026-01-16T11:49:04","modified_gmt":"2026-01-16T11:49:04","slug":"plan-du-site","status":"publish","type":"page","link":"https:\/\/hotelcasacanovas.com\/fr\/mapa-web\/","title":{"rendered":"Plan du site"},"content":{"rendered":"<div data-elementor-type=\"wp-page\" data-elementor-id=\"1747\" class=\"elementor elementor-1747\" data-elementor-post-type=\"page\">\n\t\t\t\t<div class=\"elementor-element elementor-element-5fe84f3 e-flex e-con-boxed e-con e-parent\" data-id=\"5fe84f3\" data-element_type=\"container\" data-e-type=\"container\" data-settings=\"{&quot;background_background&quot;:&quot;classic&quot;}\">\n\t\t\t\t\t<div class=\"e-con-inner\">\n\t\t\t\t<div class=\"elementor-element elementor-element-584c081 elementor-widget elementor-widget-heading\" data-id=\"584c081\" data-element_type=\"widget\" data-e-type=\"widget\" data-widget_type=\"heading.default\">\n\t\t\t\t\t<h1 class=\"elementor-heading-title elementor-size-default\">Plan du site<\/h1>\t\t\t\t<\/div>\n\t\t<div class=\"elementor-element elementor-element-4d34ce9 e-flex e-con-boxed e-con e-child\" data-id=\"4d34ce9\" data-element_type=\"container\" data-e-type=\"container\">\n\t\t\t\t\t<div class=\"e-con-inner\">\n\t\t<div class=\"elementor-element elementor-element-a608c96 e-flex e-con-boxed e-con e-child\" data-id=\"a608c96\" data-element_type=\"container\" data-e-type=\"container\">\n\t\t\t\t\t<div class=\"e-con-inner\">\n\t\t\t\t<div class=\"elementor-element elementor-element-4f5bb54 elementor-widget elementor-widget-heading\" data-id=\"4f5bb54\" data-element_type=\"widget\" data-e-type=\"widget\" data-widget_type=\"heading.default\">\n\t\t\t\t\t<h2 class=\"elementor-heading-title elementor-size-default\">Web<\/h2>\t\t\t\t<\/div>\n\t\t\t\t<div class=\"elementor-element elementor-element-5f37596 elementor-widget elementor-widget-text-editor\" data-id=\"5f37596\" data-element_type=\"widget\" data-e-type=\"widget\" data-widget_type=\"text-editor.default\">\n\t\t\t\t\t\t\t\t\t<p><span style=\"text-decoration: underline;\"><strong>ACCUEIL<\/strong><\/span><\/p><p><span style=\"text-decoration: underline;\"><strong>SERVICES<\/strong><\/span><\/p><p><span style=\"text-decoration: underline;\"><strong>FAQS<\/strong><\/span><\/p><p><span style=\"text-decoration: underline;\"><strong>CONTACT<\/strong><\/span><\/p>\t\t\t\t\t\t\t\t<\/div>\n\t\t\t\t\t<\/div>\n\t\t\t\t<\/div>\n\t\t<div class=\"elementor-element elementor-element-496318b e-flex e-con-boxed e-con e-child\" data-id=\"496318b\" data-element_type=\"container\" data-e-type=\"container\">\n\t\t\t\t\t<div class=\"e-con-inner\">\n\t\t\t\t<div class=\"elementor-element elementor-element-9cf47d1 elementor-widget elementor-widget-heading\" data-id=\"9cf47d1\" data-element_type=\"widget\" data-e-type=\"widget\" data-widget_type=\"heading.default\">\n\t\t\t\t\t<h2 class=\"elementor-heading-title elementor-size-default\">Juridique<\/h2>\t\t\t\t<\/div>\n\t\t\t\t<div class=\"elementor-element elementor-element-7fb2d95 elementor-widget elementor-widget-text-editor\" data-id=\"7fb2d95\" data-element_type=\"widget\" data-e-type=\"widget\" data-widget_type=\"text-editor.default\">\n\t\t\t\t\t\t\t\t\t<p><a href=\"https:\/\/hotelcasacanovas.com\/fr\/?page_id=1711\"><span style=\"text-decoration: underline;\"><b>VIE PRIV\u00c9E<\/b><\/span><\/a><\/p><p><a href=\"https:\/\/hotelcasacanovas.com\/fr\/?page_id=1737\"><span style=\"text-decoration: underline;\"><b>AVIS JURIDIQUE<\/b><\/span><\/a><\/p><p><a href=\"https:\/\/hotelcasacanovas.com\/fr\/?page_id=1732\"><span style=\"text-decoration: underline;\"><b>COOKIES<\/b><\/span><\/a><\/p><p><a href=\"https:\/\/hotelcasacanovas.com\/fr\/?page_id=1742\"><span style=\"text-decoration: underline;\"><b>ACCESSIBILIT\u00c9<\/b><\/span><\/a><\/p>\t\t\t\t\t\t\t\t<\/div>\n\t\t\t\t\t<\/div>\n\t\t\t\t<\/div>\n\t\t\t\t\t<\/div>\n\t\t\t\t<\/div>\n\t\t\t\t\t<\/div>\n\t\t\t\t<\/div>\n\t\t\t\t<\/div>","protected":false},"excerpt":{"rendered":"<p>Plan du site ACCUEIL SERVICES FAQS CONTACT MENTION JURIDIQUE CONFIDENTIALIT\u00c9 MENTION JURIDIQUE COOKIES ACCESSIBILIT\u00c9<\/p>","protected":false},"author":9,"featured_media":0,"parent":0,"menu_order":0,"comment_status":"closed","ping_status":"closed","template":"","meta":{"footnotes":""},"class_list":["post-1747","page","type-page","status-publish","hentry"],"yoast_head":"<!-- This site is optimized with the Yoast SEO plugin v27.4 - https:\/\/yoast.com\/product\/yoast-seo-wordpress\/ -->\n<title>Mapa Web | Hotel Casa C\u00e1novas<\/title>\n<meta name=\"robots\" content=\"noindex, nofollow\" \/>\n<meta property=\"og:locale\" content=\"fr_FR\" \/>\n<meta property=\"og:type\" content=\"article\" \/>\n<meta property=\"og:title\" content=\"Mapa Web | Hotel Casa C\u00e1novas\" \/>\n<meta property=\"og:description\" content=\"Mapa web Web INICIO SERVICIOS FAQS CONTACTO Legales PRIVACIDAD AVISO LEGAL COOKIES ACCESIBILIDAD\" \/>\n<meta property=\"og:url\" content=\"https:\/\/hotelcasacanovas.com\/fr\/plan-du-site\/\" \/>\n<meta property=\"og:site_name\" content=\"Hotel Casa C\u00e1novas\" \/>\n<meta property=\"article:modified_time\" content=\"2026-01-16T11:49:04+00:00\" \/>\n<meta property=\"og:image\" content=\"https:\/\/hotelcasacanovas.com\/wp-content\/uploads\/2025\/10\/terraza-cadiz-hotel.webp\" \/>\n\t<meta property=\"og:image:width\" content=\"1284\" \/>\n\t<meta property=\"og:image:height\" content=\"1594\" \/>\n\t<meta property=\"og:image:type\" content=\"image\/webp\" \/>\n<meta name=\"twitter:card\" content=\"summary_large_image\" \/>\n<meta name=\"twitter:label1\" content=\"Dur\u00e9e de lecture estim\u00e9e\" \/>\n\t<meta name=\"twitter:data1\" content=\"1 minute\" \/>\n<script type=\"application\/ld+json\" class=\"yoast-schema-graph\">{\"@context\":\"https:\\\/\\\/schema.org\",\"@graph\":[{\"@type\":\"WebPage\",\"@id\":\"https:\\\/\\\/hotelcasacanovas.com\\\/mapa-web\\\/\",\"url\":\"https:\\\/\\\/hotelcasacanovas.com\\\/mapa-web\\\/\",\"name\":\"Mapa Web | Hotel Casa C\u00e1novas\",\"isPartOf\":{\"@id\":\"https:\\\/\\\/hotelcasacanovas.com\\\/#website\"},\"datePublished\":\"2025-09-08T11:02:42+00:00\",\"dateModified\":\"2026-01-16T11:49:04+00:00\",\"breadcrumb\":{\"@id\":\"https:\\\/\\\/hotelcasacanovas.com\\\/mapa-web\\\/#breadcrumb\"},\"inLanguage\":\"fr-FR\",\"potentialAction\":[{\"@type\":\"ReadAction\",\"target\":[\"https:\\\/\\\/hotelcasacanovas.com\\\/mapa-web\\\/\"]}]},{\"@type\":\"BreadcrumbList\",\"@id\":\"https:\\\/\\\/hotelcasacanovas.com\\\/mapa-web\\\/#breadcrumb\",\"itemListElement\":[{\"@type\":\"ListItem\",\"position\":1,\"name\":\"Portada\",\"item\":\"https:\\\/\\\/hotelcasacanovas.com\\\/\"},{\"@type\":\"ListItem\",\"position\":2,\"name\":\"Mapa Web\"}]},{\"@type\":\"WebSite\",\"@id\":\"https:\\\/\\\/hotelcasacanovas.com\\\/#website\",\"url\":\"https:\\\/\\\/hotelcasacanovas.com\\\/\",\"name\":\"Hotel Casa C\u00e1novas\",\"description\":\"Hotel en C\u00e1diz \u00danico &amp; Vanguardista\",\"publisher\":{\"@id\":\"https:\\\/\\\/hotelcasacanovas.com\\\/#organization\"},\"alternateName\":\"Hotel Casa C\u00e1novas en C\u00e1diz\",\"potentialAction\":[{\"@type\":\"SearchAction\",\"target\":{\"@type\":\"EntryPoint\",\"urlTemplate\":\"https:\\\/\\\/hotelcasacanovas.com\\\/?s={search_term_string}\"},\"query-input\":{\"@type\":\"PropertyValueSpecification\",\"valueRequired\":true,\"valueName\":\"search_term_string\"}}],\"inLanguage\":\"fr-FR\"},{\"@type\":\"Organization\",\"@id\":\"https:\\\/\\\/hotelcasacanovas.com\\\/#organization\",\"name\":\"Hotel Casa C\u00e1novas\",\"alternateName\":\"Hotel Casa C\u00e1novas | Hotel en C\u00e1diz\",\"url\":\"https:\\\/\\\/hotelcasacanovas.com\\\/\",\"logo\":{\"@type\":\"ImageObject\",\"inLanguage\":\"fr-FR\",\"@id\":\"https:\\\/\\\/hotelcasacanovas.com\\\/#\\\/schema\\\/logo\\\/image\\\/\",\"url\":\"https:\\\/\\\/hotelcasacanovas.com\\\/wp-content\\\/uploads\\\/2025\\\/09\\\/logo_CasaCanovas_fondoNegro-1.webp\",\"contentUrl\":\"https:\\\/\\\/hotelcasacanovas.com\\\/wp-content\\\/uploads\\\/2025\\\/09\\\/logo_CasaCanovas_fondoNegro-1.webp\",\"width\":663,\"height\":494,\"caption\":\"Hotel Casa C\u00e1novas\"},\"image\":{\"@id\":\"https:\\\/\\\/hotelcasacanovas.com\\\/#\\\/schema\\\/logo\\\/image\\\/\"},\"sameAs\":[\"https:\\\/\\\/www.instagram.com\\\/casacanovashotel\\\/\",\"https:\\\/\\\/www.facebook.com\\\/profile.php?id=100071179719581\"]}]}<\/script>\n<!-- \/ Yoast SEO plugin. -->","yoast_head_json":{"title":"Plan du site : H\u00f4tel Casa C\u00e1novas","robots":{"index":"noindex","follow":"nofollow"},"og_locale":"fr_FR","og_type":"article","og_title":"Mapa Web | Hotel Casa C\u00e1novas","og_description":"Mapa web Web INICIO SERVICIOS FAQS CONTACTO Legales PRIVACIDAD AVISO LEGAL COOKIES ACCESIBILIDAD","og_url":"https:\/\/hotelcasacanovas.com\/fr\/plan-du-site\/","og_site_name":"Hotel Casa C\u00e1novas","article_modified_time":"2026-01-16T11:49:04+00:00","og_image":[{"width":1284,"height":1594,"url":"https:\/\/hotelcasacanovas.com\/wp-content\/uploads\/2025\/10\/terraza-cadiz-hotel.webp","type":"image\/webp"}],"twitter_card":"summary_large_image","twitter_misc":{"Dur\u00e9e de lecture estim\u00e9e":"1 minute"},"schema":{"@context":"https:\/\/schema.org","@graph":[{"@type":"WebPage","@id":"https:\/\/hotelcasacanovas.com\/mapa-web\/","url":"https:\/\/hotelcasacanovas.com\/mapa-web\/","name":"Plan du site : H\u00f4tel Casa C\u00e1novas","isPartOf":{"@id":"https:\/\/hotelcasacanovas.com\/#website"},"datePublished":"2025-09-08T11:02:42+00:00","dateModified":"2026-01-16T11:49:04+00:00","breadcrumb":{"@id":"https:\/\/hotelcasacanovas.com\/mapa-web\/#breadcrumb"},"inLanguage":"fr-FR","potentialAction":[{"@type":"ReadAction","target":["https:\/\/hotelcasacanovas.com\/mapa-web\/"]}]},{"@type":"BreadcrumbList","@id":"https:\/\/hotelcasacanovas.com\/mapa-web\/#breadcrumb","itemListElement":[{"@type":"ListItem","position":1,"name":"Portada","item":"https:\/\/hotelcasacanovas.com\/"},{"@type":"ListItem","position":2,"name":"Mapa Web"}]},{"@type":"WebSite","@id":"https:\/\/hotelcasacanovas.com\/#website","url":"https:\/\/hotelcasacanovas.com\/","name":"H\u00f4tel Casa C\u00e1novas","description":"H\u00f4tel unique et avant-gardiste \u00e0 Cadix","publisher":{"@id":"https:\/\/hotelcasacanovas.com\/#organization"},"alternateName":"Hotel Casa C\u00e1novas en C\u00e1diz","potentialAction":[{"@type":"SearchAction","target":{"@type":"EntryPoint","urlTemplate":"https:\/\/hotelcasacanovas.com\/?s={search_term_string}"},"query-input":{"@type":"PropertyValueSpecification","valueRequired":true,"valueName":"search_term_string"}}],"inLanguage":"fr-FR"},{"@type":"Organization","@id":"https:\/\/hotelcasacanovas.com\/#organization","name":"H\u00f4tel Casa C\u00e1novas","alternateName":"Hotel Casa C\u00e1novas | Hotel en C\u00e1diz","url":"https:\/\/hotelcasacanovas.com\/","logo":{"@type":"ImageObject","inLanguage":"fr-FR","@id":"https:\/\/hotelcasacanovas.com\/#\/schema\/logo\/image\/","url":"https:\/\/hotelcasacanovas.com\/wp-content\/uploads\/2025\/09\/logo_CasaCanovas_fondoNegro-1.webp","contentUrl":"https:\/\/hotelcasacanovas.com\/wp-content\/uploads\/2025\/09\/logo_CasaCanovas_fondoNegro-1.webp","width":663,"height":494,"caption":"Hotel Casa C\u00e1novas"},"image":{"@id":"https:\/\/hotelcasacanovas.com\/#\/schema\/logo\/image\/"},"sameAs":["https:\/\/www.instagram.com\/casacanovashotel\/","https:\/\/www.facebook.com\/profile.php?id=100071179719581"]}]}},"_links":{"self":[{"href":"https:\/\/hotelcasacanovas.com\/fr\/wp-json\/wp\/v2\/pages\/1747","targetHints":{"allow":["GET"]}}],"collection":[{"href":"https:\/\/hotelcasacanovas.com\/fr\/wp-json\/wp\/v2\/pages"}],"about":[{"href":"https:\/\/hotelcasacanovas.com\/fr\/wp-json\/wp\/v2\/types\/page"}],"author":[{"embeddable":true,"href":"https:\/\/hotelcasacanovas.com\/fr\/wp-json\/wp\/v2\/users\/9"}],"replies":[{"embeddable":true,"href":"https:\/\/hotelcasacanovas.com\/fr\/wp-json\/wp\/v2\/comments?post=1747"}],"version-history":[{"count":3,"href":"https:\/\/hotelcasacanovas.com\/fr\/wp-json\/wp\/v2\/pages\/1747\/revisions"}],"predecessor-version":[{"id":2802,"href":"https:\/\/hotelcasacanovas.com\/fr\/wp-json\/wp\/v2\/pages\/1747\/revisions\/2802"}],"wp:attachment":[{"href":"https:\/\/hotelcasacanovas.com\/fr\/wp-json\/wp\/v2\/media?parent=1747"}],"curies":[{"name":"wp","href":"https:\/\/api.w.org\/{rel}","templated":true}]}}