{"id":1742,"date":"2025-09-08T11:02:19","date_gmt":"2025-09-08T11:02:19","guid":{"rendered":"https:\/\/hotelcasacanovas.com\/defiant\/?page_id=1742"},"modified":"2026-01-15T14:45:17","modified_gmt":"2026-01-15T14:45:17","slug":"laccessibilite","status":"publish","type":"page","link":"https:\/\/hotelcasacanovas.com\/fr\/accesibilidad\/","title":{"rendered":"Accessibilit\u00e9"},"content":{"rendered":"<div data-elementor-type=\"wp-page\" data-elementor-id=\"1742\" class=\"elementor elementor-1742\" data-elementor-post-type=\"page\">\n\t\t\t\t<div class=\"elementor-element elementor-element-48e19df e-flex e-con-boxed e-con e-parent\" data-id=\"48e19df\" data-element_type=\"container\" data-e-type=\"container\" data-settings=\"{&quot;background_background&quot;:&quot;classic&quot;}\">\n\t\t\t\t\t<div class=\"e-con-inner\">\n\t\t\t\t<div class=\"elementor-element elementor-element-bdcfeab elementor-widget elementor-widget-heading\" data-id=\"bdcfeab\" data-element_type=\"widget\" data-e-type=\"widget\" data-widget_type=\"heading.default\">\n\t\t\t\t\t<h2 class=\"elementor-heading-title elementor-size-default\">Accessibilit\u00e9<\/h2>\t\t\t\t<\/div>\n\t\t\t\t<div class=\"elementor-element elementor-element-a5f4bca elementor-widget elementor-widget-text-editor\" data-id=\"a5f4bca\" data-element_type=\"widget\" data-e-type=\"widget\" data-widget_type=\"text-editor.default\">\n\t\t\t\t\t\t\t\t\t<p>ENGAGEMENT EN FAVEUR DE L'ACCESSIBILIT\u00c9<\/p>\t\t\t\t\t\t\t\t<\/div>\n\t\t\t\t<div class=\"elementor-element elementor-element-40cc34b elementor-widget elementor-widget-text-editor\" data-id=\"40cc34b\" data-element_type=\"widget\" data-e-type=\"widget\" data-widget_type=\"text-editor.default\">\n\t\t\t\t\t\t\t\t\t<p>C\u00c1NOVAS 32 SUITES S.L. s'engage \u00e0 rendre son site Web accessible, conform\u00e9ment au d\u00e9cret royal 1112\/2018, du 7 septembre, sur l'accessibilit\u00e9 des sites Web et des applications pour les appareils mobiles.<br \/>Cette d\u00e9claration d'accessibilit\u00e9 s'applique au site web <a href=\"https:\/\/hotelcasacanovas.com\/fr\/\"><strong>https:\/\/www.hotelcasacanovas.com\/<\/strong><\/a><br \/>Ce site web est enti\u00e8rement conforme au RD 1112\/2018.<br \/>Il r\u00e9pond aux exigences suivantes :<\/p><ul><li>Le site web est accessible \u00e0 ses utilisateurs et, en particulier, aux personnes \u00e2g\u00e9es et aux personnes handicap\u00e9es, de sorte que le contenu est perceptible, exploitable, compr\u00e9hensible et robuste, compte tenu des r\u00e8gles de l'article 6.<\/li><li>L'accessibilit\u00e9 a \u00e9t\u00e9 int\u00e9gralement prise en compte dans le processus de conception, de gestion, de maintenance et de mise \u00e0 jour du contenu du site web.<\/li><li>Le site web a pris des mesures pour am\u00e9liorer l'accessibilit\u00e9 par rapport au niveau minimum d'accessibilit\u00e9 qui doit \u00eatre respect\u00e9 \u00e0 tout moment.<\/li><\/ul><div>\u00a0<\/div>\t\t\t\t\t\t\t\t<\/div>\n\t\t\t\t<div class=\"elementor-element elementor-element-86ee84c elementor-widget elementor-widget-text-editor\" data-id=\"86ee84c\" data-element_type=\"widget\" data-e-type=\"widget\" data-widget_type=\"text-editor.default\">\n\t\t\t\t\t\t\t\t\t<p>NON RESPECT DU RD 1112\/2018<\/p>\t\t\t\t\t\t\t\t<\/div>\n\t\t\t\t<div class=\"elementor-element elementor-element-9eacc2b elementor-widget elementor-widget-text-editor\" data-id=\"9eacc2b\" data-element_type=\"widget\" data-e-type=\"widget\" data-widget_type=\"text-editor.default\">\n\t\t\t\t\t\t\t\t\t<p>L'h\u00f4tel Casa Canovas est conforme au RD 1112\/2018.<\/p>\t\t\t\t\t\t\t\t<\/div>\n\t\t\t\t<div class=\"elementor-element elementor-element-da8ca18 elementor-widget elementor-widget-text-editor\" data-id=\"da8ca18\" data-element_type=\"widget\" data-e-type=\"widget\" data-widget_type=\"text-editor.default\">\n\t\t\t\t\t\t\t\t\t<p>CHARGE DISPROPORTIONN\u00c9E<\/p>\t\t\t\t\t\t\t\t<\/div>\n\t\t\t\t<div class=\"elementor-element elementor-element-9425aba elementor-widget elementor-widget-text-editor\" data-id=\"9425aba\" data-element_type=\"widget\" data-e-type=\"widget\" data-widget_type=\"text-editor.default\">\n\t\t\t\t\t\t\t\t\t<p>Aucune charge disproportionn\u00e9e n'est consid\u00e9r\u00e9e comme existante.<br \/>Afin d'\u00e9valuer dans quelle mesure le respect des exigences d'accessibilit\u00e9 de cet arr\u00eat\u00e9 royal impose une charge disproportionn\u00e9e, nous avons pris en compte les circonstances suivantes :<\/p><p style=\"padding-left: 40px;\">a) la taille, les ressources et la nature de l'entit\u00e9 r\u00e9glement\u00e9e concern\u00e9e.<br \/>(b) les co\u00fbts et avantages estim\u00e9s pour elle, en relation avec les avantages estim\u00e9s pour les personnes handicap\u00e9es et les personnes \u00e2g\u00e9es, en tenant compte notamment de la fr\u00e9quence et de la dur\u00e9e d'utilisation du site web ou de l'application mobile.<\/p>\t\t\t\t\t\t\t\t<\/div>\n\t\t\t\t<div class=\"elementor-element elementor-element-7c404c6 elementor-widget elementor-widget-text-editor\" data-id=\"7c404c6\" data-element_type=\"widget\" data-e-type=\"widget\" data-widget_type=\"text-editor.default\">\n\t\t\t\t\t\t\t\t\t<p>LE CONTENU N'ENTRE PAS DANS LE CHAMP D'APPLICATION DE LA L\u00c9GISLATION APPLICABLE<\/p>\t\t\t\t\t\t\t\t<\/div>\n\t\t\t\t<div class=\"elementor-element elementor-element-1bcfabe elementor-widget elementor-widget-text-editor\" data-id=\"1bcfabe\" data-element_type=\"widget\" data-e-type=\"widget\" data-widget_type=\"text-editor.default\">\n\t\t\t\t\t\t\t\t\t<p>s\/o<\/p>\t\t\t\t\t\t\t\t<\/div>\n\t\t\t\t<div class=\"elementor-element elementor-element-149de8e elementor-widget elementor-widget-text-editor\" data-id=\"149de8e\" data-element_type=\"widget\" data-e-type=\"widget\" data-widget_type=\"text-editor.default\">\n\t\t\t\t\t\t\t\t\t<p>PR\u00c9PARATION DE LA PROCHAINE D\u00c9CLARATION D'ACCESSIBILIT\u00c9<\/p>\t\t\t\t\t\t\t\t<\/div>\n\t\t\t\t<div class=\"elementor-element elementor-element-2c59d64 elementor-widget elementor-widget-text-editor\" data-id=\"2c59d64\" data-element_type=\"widget\" data-e-type=\"widget\" data-widget_type=\"text-editor.default\">\n\t\t\t\t\t\t\t\t\t<p>Cette d\u00e9claration a \u00e9t\u00e9 pr\u00e9par\u00e9e le 24 janvier 2024.<br \/>La m\u00e9thode utilis\u00e9e pour pr\u00e9parer la d\u00e9claration est une auto-\u00e9valuation r\u00e9alis\u00e9e par l'agence elle-m\u00eame.<\/p>\t\t\t\t\t\t\t\t<\/div>\n\t\t\t\t<div class=\"elementor-element elementor-element-39da440 elementor-widget elementor-widget-text-editor\" data-id=\"39da440\" data-element_type=\"widget\" data-e-type=\"widget\" data-widget_type=\"text-editor.default\">\n\t\t\t\t\t\t\t\t\t<p>REMARQUES ET COORDONN\u00c9ES<\/p>\t\t\t\t\t\t\t\t<\/div>\n\t\t\t\t<div class=\"elementor-element elementor-element-727a06c elementor-widget elementor-widget-text-editor\" data-id=\"727a06c\" data-element_type=\"widget\" data-e-type=\"widget\" data-widget_type=\"text-editor.default\">\n\t\t\t\t\t\t\t\t\t<ul><li>Vous pouvez effectuer des communications sur les exigences d'accessibilit\u00e9 (article 10.2.a du RD 1112\/2018) comme, par exemple : signaler toute \u00e9ventuelle non-conformit\u00e9 de ce site web, communiquer d'autres difficult\u00e9s d'acc\u00e8s au contenu, faire toute autre demande ou suggestion d'am\u00e9lioration li\u00e9e \u00e0 l'accessibilit\u00e9 du site web par courrier \u00e9lectronique. <strong><a href=\"mailto:concierge@hotelcasacanovas.com\">concierge@hotelcasacanovas.com<\/a><\/strong><\/li><li>Vous pouvez soumettre : une plainte concernant le respect des exigences du RD 1112\/2018 ou une demande d'informations accessibles concernant :<br \/>Contenu exclu du champ d'application du RD 1112\/2018 conform\u00e9ment \u00e0 l'article 3, paragraphe 4.<br \/>Contenu exempt\u00e9 des exigences d'accessibilit\u00e9 parce qu'il impose une charge disproportionn\u00e9e.<\/li><\/ul><div>\u00a0<\/div><p>Dans la demande d'informations accessibles, les faits, les raisons et la demande doivent \u00eatre clairement \u00e9nonc\u00e9s afin d'\u00e9tablir que la demande est raisonnable et l\u00e9gitime.<\/p><p>Les plaintes et les r\u00e9clamations concernant les informations accessibles doivent \u00eatre formul\u00e9es par courrier \u00e9lectronique. <strong><a href=\"mailto:concierge@hotelcasacanovas.com\">concierge@hotelcasacanovas.com<\/a><\/strong>\u00a0qui seront re\u00e7ues et trait\u00e9es par C\u00c1NOVAS 32 SUITES S.L.<\/p>\t\t\t\t\t\t\t\t<\/div>\n\t\t\t\t\t<\/div>\n\t\t\t\t<\/div>\n\t\t\t\t<\/div>","protected":false},"excerpt":{"rendered":"<p>Accesibilidad COMPROMISO DE ACCESIBILIDAD C\u00c1NOVAS 32 SUITES S.L. se ha comprometido a hacer accesible su sitio web, de conformidad con el Real Decreto 1112\/2018, de 7 de septiembre, sobre accesibilidad de los sitios web y aplicaciones para dispositivos m\u00f3viles.La presente declaraci\u00f3n de accesibilidad se aplica al sitio web https:\/\/www.hotelcasacanovas.com\/Este sitio web es plenamente conforme con [&hellip;]<\/p>\n","protected":false},"author":9,"featured_media":0,"parent":0,"menu_order":0,"comment_status":"closed","ping_status":"closed","template":"","meta":{"footnotes":""},"class_list":["post-1742","page","type-page","status-publish","hentry"],"yoast_head":"<!-- This site is optimized with the Yoast SEO plugin v27.4 - https:\/\/yoast.com\/product\/yoast-seo-wordpress\/ -->\n<title>Accesibilidad | Hotel Casa C\u00e1novas<\/title>\n<meta name=\"robots\" content=\"noindex, nofollow\" \/>\n<meta property=\"og:locale\" content=\"fr_FR\" \/>\n<meta property=\"og:type\" content=\"article\" \/>\n<meta property=\"og:title\" content=\"Accesibilidad | Hotel Casa C\u00e1novas\" \/>\n<meta property=\"og:description\" content=\"Accesibilidad COMPROMISO DE ACCESIBILIDAD C\u00c1NOVAS 32 SUITES S.L. se ha comprometido a hacer accesible su sitio web, de conformidad con el Real Decreto 1112\/2018, de 7 de septiembre, sobre accesibilidad de los sitios web y aplicaciones para dispositivos m\u00f3viles.La presente declaraci\u00f3n de accesibilidad se aplica al sitio web https:\/\/www.hotelcasacanovas.com\/Este sitio web es plenamente conforme con [&hellip;]\" \/>\n<meta property=\"og:url\" content=\"https:\/\/hotelcasacanovas.com\/fr\/laccessibilite\/\" \/>\n<meta property=\"og:site_name\" content=\"Hotel Casa C\u00e1novas\" \/>\n<meta property=\"article:modified_time\" content=\"2026-01-15T14:45:17+00:00\" \/>\n<meta property=\"og:image\" content=\"https:\/\/hotelcasacanovas.com\/wp-content\/uploads\/2025\/10\/terraza-cadiz-hotel.webp\" \/>\n\t<meta property=\"og:image:width\" content=\"1284\" \/>\n\t<meta property=\"og:image:height\" content=\"1594\" \/>\n\t<meta property=\"og:image:type\" content=\"image\/webp\" \/>\n<meta name=\"twitter:card\" content=\"summary_large_image\" \/>\n<meta name=\"twitter:label1\" content=\"Dur\u00e9e de lecture estim\u00e9e\" \/>\n\t<meta name=\"twitter:data1\" content=\"3 minutes\" \/>\n<script type=\"application\/ld+json\" class=\"yoast-schema-graph\">{\"@context\":\"https:\\\/\\\/schema.org\",\"@graph\":[{\"@type\":\"WebPage\",\"@id\":\"https:\\\/\\\/hotelcasacanovas.com\\\/accesibilidad\\\/\",\"url\":\"https:\\\/\\\/hotelcasacanovas.com\\\/accesibilidad\\\/\",\"name\":\"Accesibilidad | Hotel Casa C\u00e1novas\",\"isPartOf\":{\"@id\":\"https:\\\/\\\/hotelcasacanovas.com\\\/#website\"},\"datePublished\":\"2025-09-08T11:02:19+00:00\",\"dateModified\":\"2026-01-15T14:45:17+00:00\",\"breadcrumb\":{\"@id\":\"https:\\\/\\\/hotelcasacanovas.com\\\/accesibilidad\\\/#breadcrumb\"},\"inLanguage\":\"fr-FR\",\"potentialAction\":[{\"@type\":\"ReadAction\",\"target\":[\"https:\\\/\\\/hotelcasacanovas.com\\\/accesibilidad\\\/\"]}]},{\"@type\":\"BreadcrumbList\",\"@id\":\"https:\\\/\\\/hotelcasacanovas.com\\\/accesibilidad\\\/#breadcrumb\",\"itemListElement\":[{\"@type\":\"ListItem\",\"position\":1,\"name\":\"Portada\",\"item\":\"https:\\\/\\\/hotelcasacanovas.com\\\/\"},{\"@type\":\"ListItem\",\"position\":2,\"name\":\"Accesibilidad\"}]},{\"@type\":\"WebSite\",\"@id\":\"https:\\\/\\\/hotelcasacanovas.com\\\/#website\",\"url\":\"https:\\\/\\\/hotelcasacanovas.com\\\/\",\"name\":\"Hotel Casa C\u00e1novas\",\"description\":\"Hotel en C\u00e1diz \u00danico &amp; Vanguardista\",\"publisher\":{\"@id\":\"https:\\\/\\\/hotelcasacanovas.com\\\/#organization\"},\"alternateName\":\"Hotel Casa C\u00e1novas en C\u00e1diz\",\"potentialAction\":[{\"@type\":\"SearchAction\",\"target\":{\"@type\":\"EntryPoint\",\"urlTemplate\":\"https:\\\/\\\/hotelcasacanovas.com\\\/?s={search_term_string}\"},\"query-input\":{\"@type\":\"PropertyValueSpecification\",\"valueRequired\":true,\"valueName\":\"search_term_string\"}}],\"inLanguage\":\"fr-FR\"},{\"@type\":\"Organization\",\"@id\":\"https:\\\/\\\/hotelcasacanovas.com\\\/#organization\",\"name\":\"Hotel Casa C\u00e1novas\",\"alternateName\":\"Hotel Casa C\u00e1novas | Hotel en C\u00e1diz\",\"url\":\"https:\\\/\\\/hotelcasacanovas.com\\\/\",\"logo\":{\"@type\":\"ImageObject\",\"inLanguage\":\"fr-FR\",\"@id\":\"https:\\\/\\\/hotelcasacanovas.com\\\/#\\\/schema\\\/logo\\\/image\\\/\",\"url\":\"https:\\\/\\\/hotelcasacanovas.com\\\/wp-content\\\/uploads\\\/2025\\\/09\\\/logo_CasaCanovas_fondoNegro-1.webp\",\"contentUrl\":\"https:\\\/\\\/hotelcasacanovas.com\\\/wp-content\\\/uploads\\\/2025\\\/09\\\/logo_CasaCanovas_fondoNegro-1.webp\",\"width\":663,\"height\":494,\"caption\":\"Hotel Casa C\u00e1novas\"},\"image\":{\"@id\":\"https:\\\/\\\/hotelcasacanovas.com\\\/#\\\/schema\\\/logo\\\/image\\\/\"},\"sameAs\":[\"https:\\\/\\\/www.instagram.com\\\/casacanovashotel\\\/\",\"https:\\\/\\\/www.facebook.com\\\/profile.php?id=100071179719581\"]}]}<\/script>\n<!-- \/ Yoast SEO plugin. -->","yoast_head_json":{"title":"Accessibilit\u00e9 : H\u00f4tel Casa C\u00e1novas","robots":{"index":"noindex","follow":"nofollow"},"og_locale":"fr_FR","og_type":"article","og_title":"Accesibilidad | Hotel Casa C\u00e1novas","og_description":"Accesibilidad COMPROMISO DE ACCESIBILIDAD C\u00c1NOVAS 32 SUITES S.L. se ha comprometido a hacer accesible su sitio web, de conformidad con el Real Decreto 1112\/2018, de 7 de septiembre, sobre accesibilidad de los sitios web y aplicaciones para dispositivos m\u00f3viles.La presente declaraci\u00f3n de accesibilidad se aplica al sitio web https:\/\/www.hotelcasacanovas.com\/Este sitio web es plenamente conforme con [&hellip;]","og_url":"https:\/\/hotelcasacanovas.com\/fr\/laccessibilite\/","og_site_name":"Hotel Casa C\u00e1novas","article_modified_time":"2026-01-15T14:45:17+00:00","og_image":[{"width":1284,"height":1594,"url":"https:\/\/hotelcasacanovas.com\/wp-content\/uploads\/2025\/10\/terraza-cadiz-hotel.webp","type":"image\/webp"}],"twitter_card":"summary_large_image","twitter_misc":{"Dur\u00e9e de lecture estim\u00e9e":"3 minutes"},"schema":{"@context":"https:\/\/schema.org","@graph":[{"@type":"WebPage","@id":"https:\/\/hotelcasacanovas.com\/accesibilidad\/","url":"https:\/\/hotelcasacanovas.com\/accesibilidad\/","name":"Accessibilit\u00e9 : H\u00f4tel Casa C\u00e1novas","isPartOf":{"@id":"https:\/\/hotelcasacanovas.com\/#website"},"datePublished":"2025-09-08T11:02:19+00:00","dateModified":"2026-01-15T14:45:17+00:00","breadcrumb":{"@id":"https:\/\/hotelcasacanovas.com\/accesibilidad\/#breadcrumb"},"inLanguage":"fr-FR","potentialAction":[{"@type":"ReadAction","target":["https:\/\/hotelcasacanovas.com\/accesibilidad\/"]}]},{"@type":"BreadcrumbList","@id":"https:\/\/hotelcasacanovas.com\/accesibilidad\/#breadcrumb","itemListElement":[{"@type":"ListItem","position":1,"name":"Portada","item":"https:\/\/hotelcasacanovas.com\/"},{"@type":"ListItem","position":2,"name":"Accesibilidad"}]},{"@type":"WebSite","@id":"https:\/\/hotelcasacanovas.com\/#website","url":"https:\/\/hotelcasacanovas.com\/","name":"H\u00f4tel Casa C\u00e1novas","description":"H\u00f4tel unique et avant-gardiste \u00e0 Cadix","publisher":{"@id":"https:\/\/hotelcasacanovas.com\/#organization"},"alternateName":"Hotel Casa C\u00e1novas en C\u00e1diz","potentialAction":[{"@type":"SearchAction","target":{"@type":"EntryPoint","urlTemplate":"https:\/\/hotelcasacanovas.com\/?s={search_term_string}"},"query-input":{"@type":"PropertyValueSpecification","valueRequired":true,"valueName":"search_term_string"}}],"inLanguage":"fr-FR"},{"@type":"Organization","@id":"https:\/\/hotelcasacanovas.com\/#organization","name":"H\u00f4tel Casa C\u00e1novas","alternateName":"Hotel Casa C\u00e1novas | Hotel en C\u00e1diz","url":"https:\/\/hotelcasacanovas.com\/","logo":{"@type":"ImageObject","inLanguage":"fr-FR","@id":"https:\/\/hotelcasacanovas.com\/#\/schema\/logo\/image\/","url":"https:\/\/hotelcasacanovas.com\/wp-content\/uploads\/2025\/09\/logo_CasaCanovas_fondoNegro-1.webp","contentUrl":"https:\/\/hotelcasacanovas.com\/wp-content\/uploads\/2025\/09\/logo_CasaCanovas_fondoNegro-1.webp","width":663,"height":494,"caption":"Hotel Casa C\u00e1novas"},"image":{"@id":"https:\/\/hotelcasacanovas.com\/#\/schema\/logo\/image\/"},"sameAs":["https:\/\/www.instagram.com\/casacanovashotel\/","https:\/\/www.facebook.com\/profile.php?id=100071179719581"]}]}},"_links":{"self":[{"href":"https:\/\/hotelcasacanovas.com\/fr\/wp-json\/wp\/v2\/pages\/1742","targetHints":{"allow":["GET"]}}],"collection":[{"href":"https:\/\/hotelcasacanovas.com\/fr\/wp-json\/wp\/v2\/pages"}],"about":[{"href":"https:\/\/hotelcasacanovas.com\/fr\/wp-json\/wp\/v2\/types\/page"}],"author":[{"embeddable":true,"href":"https:\/\/hotelcasacanovas.com\/fr\/wp-json\/wp\/v2\/users\/9"}],"replies":[{"embeddable":true,"href":"https:\/\/hotelcasacanovas.com\/fr\/wp-json\/wp\/v2\/comments?post=1742"}],"version-history":[{"count":3,"href":"https:\/\/hotelcasacanovas.com\/fr\/wp-json\/wp\/v2\/pages\/1742\/revisions"}],"predecessor-version":[{"id":2796,"href":"https:\/\/hotelcasacanovas.com\/fr\/wp-json\/wp\/v2\/pages\/1742\/revisions\/2796"}],"wp:attachment":[{"href":"https:\/\/hotelcasacanovas.com\/fr\/wp-json\/wp\/v2\/media?parent=1742"}],"curies":[{"name":"wp","href":"https:\/\/api.w.org\/{rel}","templated":true}]}}