{"id":1737,"date":"2025-09-08T11:01:56","date_gmt":"2025-09-08T11:01:56","guid":{"rendered":"https:\/\/hotelcasacanovas.com\/defiant\/?page_id=1737"},"modified":"2026-01-15T15:01:18","modified_gmt":"2026-01-15T15:01:18","slug":"avis-juridique","status":"publish","type":"page","link":"https:\/\/hotelcasacanovas.com\/fr\/aviso-legal\/","title":{"rendered":"Avis juridique"},"content":{"rendered":"<div data-elementor-type=\"wp-page\" data-elementor-id=\"1737\" class=\"elementor elementor-1737\" data-elementor-post-type=\"page\">\n\t\t\t\t<div class=\"elementor-element elementor-element-5dccd40 e-flex e-con-boxed e-con e-parent\" data-id=\"5dccd40\" data-element_type=\"container\" data-e-type=\"container\" data-settings=\"{&quot;background_background&quot;:&quot;classic&quot;}\">\n\t\t\t\t\t<div class=\"e-con-inner\">\n\t\t\t\t<div class=\"elementor-element elementor-element-b414dbe elementor-widget elementor-widget-heading\" data-id=\"b414dbe\" data-element_type=\"widget\" data-e-type=\"widget\" data-widget_type=\"heading.default\">\n\t\t\t\t\t<h2 class=\"elementor-heading-title elementor-size-default\">Avis juridique et conditions g\u00e9n\u00e9rales.\n<\/h2>\t\t\t\t<\/div>\n\t\t\t\t<div class=\"elementor-element elementor-element-1c7637e elementor-widget elementor-widget-text-editor\" data-id=\"1c7637e\" data-element_type=\"widget\" data-e-type=\"widget\" data-widget_type=\"text-editor.default\">\n\t\t\t\t\t\t\t\t\t<p>I. INFORMATIONS G\u00c9N\u00c9RALES<\/p>\t\t\t\t\t\t\t\t<\/div>\n\t\t\t\t<div class=\"elementor-element elementor-element-6792dd9 elementor-widget elementor-widget-text-editor\" data-id=\"6792dd9\" data-element_type=\"widget\" data-e-type=\"widget\" data-widget_type=\"text-editor.default\">\n\t\t\t\t\t\t\t\t\t<p>Conform\u00e9ment \u00e0 l'obligation d'information pr\u00e9vue par la loi 34\/2002 sur les services de la soci\u00e9t\u00e9 de l'information et le commerce \u00e9lectronique (LSSI-CE) du 11 juillet, les informations g\u00e9n\u00e9rales suivantes sont fournies sur ce site web :<\/p><p>La propri\u00e9t\u00e9 de ce site web, https:\/\/hotelcasacanovas.com, (ci-apr\u00e8s, le site web) est d\u00e9tenue par : C\u00c1NOVAS 32 SUITES S.L., avec NIF : B44565752, dont les coordonn\u00e9es sont :<\/p><p>Courriel de contact : <a href=\"mailto:concierge@hotelcasacanovas.com\">concierge@hotelcasacanovas.com<\/a><\/p>\t\t\t\t\t\t\t\t<\/div>\n\t\t\t\t<div class=\"elementor-element elementor-element-3e2ec28 elementor-widget elementor-widget-text-editor\" data-id=\"3e2ec28\" data-element_type=\"widget\" data-e-type=\"widget\" data-widget_type=\"text-editor.default\">\n\t\t\t\t\t\t\t\t\t<p>II. CONDITIONS G\u00c9N\u00c9RALES D'UTILISATION<\/p>\t\t\t\t\t\t\t\t<\/div>\n\t\t\t\t<div class=\"elementor-element elementor-element-7195aa5 elementor-widget elementor-widget-text-editor\" data-id=\"7195aa5\" data-element_type=\"widget\" data-e-type=\"widget\" data-widget_type=\"text-editor.default\">\n\t\t\t\t\t\t\t\t\t<p>L'objet des conditions g\u00e9n\u00e9rales : Le site web<\/p>\t\t\t\t\t\t\t\t<\/div>\n\t\t\t\t<div class=\"elementor-element elementor-element-678a305 elementor-widget elementor-widget-text-editor\" data-id=\"678a305\" data-element_type=\"widget\" data-e-type=\"widget\" data-widget_type=\"text-editor.default\">\n\t\t\t\t\t\t\t\t\t<p>Les pr\u00e9sentes conditions g\u00e9n\u00e9rales d'utilisation (ci-apr\u00e8s d\u00e9nomm\u00e9es \"conditions\") ont pour objet de r\u00e9glementer l'acc\u00e8s au site web et son utilisation. Aux fins des pr\u00e9sentes conditions g\u00e9n\u00e9rales, on entend par site web : l'aspect ext\u00e9rieur des interfaces d'\u00e9cran, tant statiques que dynamiques, c'est-\u00e0-dire l'arbre de navigation ; et tous les \u00e9l\u00e9ments int\u00e9gr\u00e9s tant dans les interfaces d'\u00e9cran que dans l'arbre de navigation (ci-apr\u00e8s d\u00e9nomm\u00e9s \"contenu\") et tous les services ou ressources en ligne qui peuvent \u00eatre offerts aux utilisateurs (ci-apr\u00e8s d\u00e9nomm\u00e9s \"services\").<\/p><p>Hotel Casa Canovas se r\u00e9serve le droit de modifier, \u00e0 tout moment et sans pr\u00e9avis, la pr\u00e9sentation et la configuration du site Web ainsi que les contenus et services qui peuvent y \u00eatre incorpor\u00e9s. L'Utilisateur reconna\u00eet et accepte que Hotel Casa Canovas puisse \u00e0 tout moment interrompre, d\u00e9sactiver et\/ou annuler n'importe lequel de ces \u00e9l\u00e9ments inclus dans le site Web ou l'acc\u00e8s \u00e0 ceux-ci.<\/p>\t\t\t\t\t\t\t\t<\/div>\n\t\t\t\t<div class=\"elementor-element elementor-element-3484744 elementor-widget elementor-widget-text-editor\" data-id=\"3484744\" data-element_type=\"widget\" data-e-type=\"widget\" data-widget_type=\"text-editor.default\">\n\t\t\t\t\t\t\t\t\t<p>L'utilisateur<\/p>\t\t\t\t\t\t\t\t<\/div>\n\t\t\t\t<div class=\"elementor-element elementor-element-3c051ed elementor-widget elementor-widget-text-editor\" data-id=\"3c051ed\" data-element_type=\"widget\" data-e-type=\"widget\" data-widget_type=\"text-editor.default\">\n\t\t\t\t\t\t\t\t\t<p>L'acc\u00e8s, la navigation et l'utilisation du site Web conf\u00e8rent la condition d'utilisateur et, par cons\u00e9quent, d\u00e8s le d\u00e9but de la navigation sur le site Web, l'utilisateur accepte toutes les conditions \u00e9tablies ici, ainsi que toutes les modifications ult\u00e9rieures, sans pr\u00e9judice de l'application des normes l\u00e9gales correspondantes qui doivent \u00eatre respect\u00e9es dans chaque cas. Compte tenu de la pertinence de ce qui pr\u00e9c\u00e8de, il est recommand\u00e9 \u00e0 l'utilisateur de les lire chaque fois qu'il visite le site Web.<\/p><p>Le site Web de l'h\u00f4tel Casa Canovas fournit un large \u00e9ventail d'informations, de services et de donn\u00e9es. L'utilisateur assume la responsabilit\u00e9 de l'utilisation correcte du site Web. Cette responsabilit\u00e9 s'\u00e9tend \u00e0 :<\/p><ul><li>Toute utilisation de l'information, des contenus et\/ou des services et des donn\u00e9es offerts par l'H\u00f4tel Casa Canovas qui serait contraire aux dispositions des pr\u00e9sentes conditions, \u00e0 la loi, \u00e0 la morale ou \u00e0 l'ordre public, ou qui, de toute autre mani\u00e8re, porterait atteinte aux droits de tiers ou au fonctionnement du site Web.<\/li><li>La v\u00e9racit\u00e9 et la l\u00e9galit\u00e9 des informations fournies par l'Utilisateur dans les formulaires fournis par Hotel Casa Canovas pour l'acc\u00e8s \u00e0 certains Contenus ou Services offerts par le Site Web. En tout \u00e9tat de cause, l'Utilisateur devra informer imm\u00e9diatement Hotel Casa Canovas de tout \u00e9v\u00e9nement permettant l'utilisation inappropri\u00e9e des informations enregistr\u00e9es dans lesdits formulaires, tel que, mais sans s'y limiter, le vol, la perte ou l'acc\u00e8s non autoris\u00e9 aux identifiants et\/ou mots de passe, afin de proc\u00e9der \u00e0 leur annulation imm\u00e9diate.<\/li><\/ul><div>\u00a0<\/div><p>Le simple fait d'acc\u00e9der \u00e0 ce site Web n'implique aucun type de relation commerciale entre l'h\u00f4tel Casa Canovas et l'utilisateur.<\/p>\t\t\t\t\t\t\t\t<\/div>\n\t\t\t\t<div class=\"elementor-element elementor-element-14f7ae3 elementor-widget elementor-widget-text-editor\" data-id=\"14f7ae3\" data-element_type=\"widget\" data-e-type=\"widget\" data-widget_type=\"text-editor.default\">\n\t\t\t\t\t\t\t\t\t<p>III. ACC\u00c8S ET NAVIGATION SUR LE SITE WEB : EXCLUSION DE GARANTIE ET DE RESPONSABILIT\u00c9<\/p>\t\t\t\t\t\t\t\t<\/div>\n\t\t\t\t<div class=\"elementor-element elementor-element-0239445 elementor-widget elementor-widget-text-editor\" data-id=\"0239445\" data-element_type=\"widget\" data-e-type=\"widget\" data-widget_type=\"text-editor.default\">\n\t\t\t\t\t\t\t\t\t<p>Hotel Casa Canovas ne garantit pas la continuit\u00e9, la disponibilit\u00e9 et l'utilit\u00e9 du site Web, ni des contenus ou des services. Hotel Casa Canovas fera tout son possible pour assurer le bon fonctionnement du site Web, mais n'est pas responsable et ne garantit pas que l'acc\u00e8s \u00e0 ce site Web sera ininterrompu ou exempt d'erreurs.<\/p><p>Il n'est pas non plus responsable ni ne garantit que le contenu ou le logiciel auquel il est possible d'acc\u00e9der par le biais de ce site Web soit exempt d'erreurs ou qu'il cause des dommages au syst\u00e8me informatique (logiciel et mat\u00e9riel) de l'utilisateur. En aucun cas, l'H\u00f4tel Casa Canovas n'est responsable des pertes, dommages ou pr\u00e9judices de toute nature r\u00e9sultant de l'acc\u00e8s, de la navigation et de l'utilisation du site Web, y compris, mais sans s'y limiter, ceux caus\u00e9s aux syst\u00e8mes informatiques ou ceux caus\u00e9s par l'introduction de virus.<\/p><p>L'h\u00f4tel Casa Canovas n'est pas non plus responsable des dommages qui pourraient \u00eatre caus\u00e9s aux utilisateurs par une utilisation inappropri\u00e9e de ce site Web. En particulier, il n'est en aucun cas responsable des pannes, interruptions, d\u00e9fauts ou d\u00e9faillances des t\u00e9l\u00e9communications qui pourraient survenir.<\/p>\t\t\t\t\t\t\t\t<\/div>\n\t\t\t\t<div class=\"elementor-element elementor-element-97fbab0 elementor-widget elementor-widget-text-editor\" data-id=\"97fbab0\" data-element_type=\"widget\" data-e-type=\"widget\" data-widget_type=\"text-editor.default\">\n\t\t\t\t\t\t\t\t\t<p>IV. POLITIQUE DE LIAISON<\/p>\t\t\t\t\t\t\t\t<\/div>\n\t\t\t\t<div class=\"elementor-element elementor-element-e594dee elementor-widget elementor-widget-text-editor\" data-id=\"e594dee\" data-element_type=\"widget\" data-e-type=\"widget\" data-widget_type=\"text-editor.default\">\n\t\t\t\t\t\t\t\t\t<p>L'h\u00f4tel Casa Canovas n'offre ni ne commercialise, en son nom propre ou par l'interm\u00e9diaire de tiers, les produits et\/ou services disponibles sur ces sites li\u00e9s.<\/p><p>L'utilisateur ou le tiers qui cr\u00e9e un lien hypertexte \u00e0 partir d'une page web d'un autre site web vers le site web de l'h\u00f4tel Casa Canovas doit \u00eatre conscient que :<\/p><p>La reproduction - totale ou partielle - de tout contenu et\/ou service du site Web n'est pas permise sans l'autorisation expresse de l'H\u00f4tel Casa Canovas.<\/p><p>Aucune d\u00e9claration fausse, inexacte ou incorrecte sur le site Web de l'H\u00f4tel Casa Canovas, ni sur les contenus et\/ou les services de ce dernier n'est autoris\u00e9e.<\/p><p>\u00c0 l'exception de l'hyperlien, le site web sur lequel est \u00e9tabli l'hyperlien ne contiendra aucun \u00e9l\u00e9ment de ce site web prot\u00e9g\u00e9 en tant que propri\u00e9t\u00e9 intellectuelle par la loi espagnole, sauf autorisation expresse de l'H\u00f4tel Casa Canovas.<\/p><p>L'\u00e9tablissement de l'hyperlien n'implique pas l'existence d'une relation entre Hotel Casa Canovas et le propri\u00e9taire du site web \u00e0 partir duquel il est \u00e9tabli, ni la connaissance et l'acceptation par Hotel Casa Canovas des contenus, services et\/ou activit\u00e9s offerts sur ledit site web, et vice versa.<\/p>\t\t\t\t\t\t\t\t<\/div>\n\t\t\t\t<div class=\"elementor-element elementor-element-d74a9d4 elementor-widget elementor-widget-text-editor\" data-id=\"d74a9d4\" data-element_type=\"widget\" data-e-type=\"widget\" data-widget_type=\"text-editor.default\">\n\t\t\t\t\t\t\t\t\t<p>V. PROPRI\u00c9T\u00c9 INTELLECTUELLE ET INDUSTRIELLE<\/p>\t\t\t\t\t\t\t\t<\/div>\n\t\t\t\t<div class=\"elementor-element elementor-element-f7be5f8 elementor-widget elementor-widget-text-editor\" data-id=\"f7be5f8\" data-element_type=\"widget\" data-e-type=\"widget\" data-widget_type=\"text-editor.default\">\n\t\t\t\t\t\t\t\t\t<p>L'H\u00f4tel Casa Canovas est titulaire, seul ou en tant que cessionnaire, de tous les droits de propri\u00e9t\u00e9 intellectuelle et industrielle du site Web, ainsi que des \u00e9l\u00e9ments qu'il contient (y compris, mais sans s'y limiter, les images, le son, l'audio, la vid\u00e9o, les logiciels ou les textes, les marques ou les logos, les combinaisons de couleurs, la structure et la conception, le choix des mat\u00e9riaux utilis\u00e9s, les programmes informatiques n\u00e9cessaires \u00e0 son fonctionnement, \u00e0 son acc\u00e8s et \u00e0 son utilisation, etc.) ). Il s'agit donc d'\u0153uvres prot\u00e9g\u00e9es en tant que propri\u00e9t\u00e9 intellectuelle par le syst\u00e8me juridique espagnol, auquel s'appliquent les r\u00e9glementations espagnoles et communautaires en la mati\u00e8re, ainsi que les trait\u00e9s internationaux sign\u00e9s par l'Espagne en la mati\u00e8re.<\/p><p>Tous les droits sont r\u00e9serv\u00e9s. Conform\u00e9ment aux dispositions de la loi sur la propri\u00e9t\u00e9 intellectuelle, la reproduction, la distribution et la communication publique, y compris la mise \u00e0 disposition, de tout ou partie du contenu de ce site Web, \u00e0 des fins commerciales, sur tout support et par tout moyen technique, sans l'autorisation de l'h\u00f4tel Casa Canovas, sont express\u00e9ment interdites.<\/p><p>L'utilisateur s'engage \u00e0 respecter les droits de propri\u00e9t\u00e9 intellectuelle et industrielle de l'h\u00f4tel Casa Canovas. Vous pouvez visualiser les \u00e9l\u00e9ments du site Web ou m\u00eame les imprimer, les copier et les stocker sur le disque dur de votre ordinateur ou sur tout autre support physique, \u00e0 condition que ce soit exclusivement pour votre usage personnel. L'utilisateur ne peut toutefois pas retirer, modifier ou manipuler tout dispositif de protection ou syst\u00e8me de s\u00e9curit\u00e9 install\u00e9 sur le site Web.<\/p><p>Si l'Utilisateur ou un tiers consid\u00e8re que l'un des Contenus du Site Web implique une violation des droits de protection de la propri\u00e9t\u00e9 intellectuelle, il doit en informer imm\u00e9diatement l'H\u00f4tel Casa Canovas aux coordonn\u00e9es indiqu\u00e9es dans la section INFORMATIONS G\u00c9N\u00c9RALES des pr\u00e9sentes Mentions L\u00e9gales et Conditions G\u00e9n\u00e9rales d'Utilisation.<\/p>\t\t\t\t\t\t\t\t<\/div>\n\t\t\t\t<div class=\"elementor-element elementor-element-143aec6 elementor-widget elementor-widget-text-editor\" data-id=\"143aec6\" data-element_type=\"widget\" data-e-type=\"widget\" data-widget_type=\"text-editor.default\">\n\t\t\t\t\t\t\t\t\t<p>VI. ACTIONS EN JUSTICE, DROIT APPLICABLE ET JURIDICTION<\/p>\t\t\t\t\t\t\t\t<\/div>\n\t\t\t\t<div class=\"elementor-element elementor-element-7b5bed3 elementor-widget elementor-widget-text-editor\" data-id=\"7b5bed3\" data-element_type=\"widget\" data-e-type=\"widget\" data-widget_type=\"text-editor.default\">\n\t\t\t\t\t\t\t\t\t<p>L'H\u00f4tel Casa Canovas se r\u00e9serve le droit d'intenter toute action civile ou p\u00e9nale qu'il jugera n\u00e9cessaire en cas d'utilisation inappropri\u00e9e du site Web et de ses contenus, ou en cas de violation des pr\u00e9sentes conditions.<\/p><p>La relation entre l'Utilisateur et l'H\u00f4tel Casa Canovas est r\u00e9gie par la r\u00e9glementation en vigueur et applicable sur le territoire espagnol. En cas de litige relatif \u00e0 l'interpr\u00e9tation et\/ou \u00e0 l'application des pr\u00e9sentes conditions, les parties soumettront leurs conflits \u00e0 la juridiction ordinaire, en s'en remettant aux juges et aux tribunaux correspondants conform\u00e9ment \u00e0 la loi.<\/p><p>Ce document de mentions l\u00e9gales et de conditions d'utilisation a \u00e9t\u00e9 cr\u00e9\u00e9 \u00e0 l'aide du g\u00e9n\u00e9rateur de mod\u00e8les de mentions l\u00e9gales et de conditions d'utilisation en ligne le 16\/07\/2021.<\/p>\t\t\t\t\t\t\t\t<\/div>\n\t\t\t\t\t<\/div>\n\t\t\t\t<\/div>\n\t\t\t\t<\/div>","protected":false},"excerpt":{"rendered":"<p>Aviso legal y condiciones generales. I. INFORMACI\u00d3N GENERAL En cumplimiento con el deber de informaci\u00f3n dispuesto en la Ley 34\/2002 de Servicios de la Sociedad de la Informaci\u00f3n y el Comercio Electr\u00f3nico (LSSI-CE) de 11 de julio, se facilitan a continuaci\u00f3n los siguientes datos de informaci\u00f3n general de este sitio web: La titularidad de este [&hellip;]<\/p>\n","protected":false},"author":9,"featured_media":0,"parent":0,"menu_order":0,"comment_status":"closed","ping_status":"closed","template":"","meta":{"footnotes":""},"class_list":["post-1737","page","type-page","status-publish","hentry"],"yoast_head":"<!-- This site is optimized with the Yoast SEO plugin v27.4 - https:\/\/yoast.com\/product\/yoast-seo-wordpress\/ -->\n<title>Aviso Legal | Hotel Casa C\u00e1novas<\/title>\n<meta name=\"robots\" content=\"noindex, nofollow\" \/>\n<meta property=\"og:locale\" content=\"fr_FR\" \/>\n<meta property=\"og:type\" content=\"article\" \/>\n<meta property=\"og:title\" content=\"Aviso Legal | Hotel Casa C\u00e1novas\" \/>\n<meta property=\"og:description\" content=\"Aviso legal y condiciones generales. I. INFORMACI\u00d3N GENERAL En cumplimiento con el deber de informaci\u00f3n dispuesto en la Ley 34\/2002 de Servicios de la Sociedad de la Informaci\u00f3n y el Comercio Electr\u00f3nico (LSSI-CE) de 11 de julio, se facilitan a continuaci\u00f3n los siguientes datos de informaci\u00f3n general de este sitio web: La titularidad de este [&hellip;]\" \/>\n<meta property=\"og:url\" content=\"https:\/\/hotelcasacanovas.com\/fr\/avis-juridique\/\" \/>\n<meta property=\"og:site_name\" content=\"Hotel Casa C\u00e1novas\" \/>\n<meta property=\"article:modified_time\" content=\"2026-01-15T15:01:18+00:00\" \/>\n<meta property=\"og:image\" content=\"https:\/\/hotelcasacanovas.com\/wp-content\/uploads\/2025\/10\/terraza-cadiz-hotel.webp\" \/>\n\t<meta property=\"og:image:width\" content=\"1284\" \/>\n\t<meta property=\"og:image:height\" content=\"1594\" \/>\n\t<meta property=\"og:image:type\" content=\"image\/webp\" \/>\n<meta name=\"twitter:card\" content=\"summary_large_image\" \/>\n<meta name=\"twitter:label1\" content=\"Dur\u00e9e de lecture estim\u00e9e\" \/>\n\t<meta name=\"twitter:data1\" content=\"7 minutes\" \/>\n<script type=\"application\/ld+json\" class=\"yoast-schema-graph\">{\"@context\":\"https:\\\/\\\/schema.org\",\"@graph\":[{\"@type\":\"WebPage\",\"@id\":\"https:\\\/\\\/hotelcasacanovas.com\\\/aviso-legal\\\/\",\"url\":\"https:\\\/\\\/hotelcasacanovas.com\\\/aviso-legal\\\/\",\"name\":\"Aviso Legal | Hotel Casa C\u00e1novas\",\"isPartOf\":{\"@id\":\"https:\\\/\\\/hotelcasacanovas.com\\\/#website\"},\"datePublished\":\"2025-09-08T11:01:56+00:00\",\"dateModified\":\"2026-01-15T15:01:18+00:00\",\"breadcrumb\":{\"@id\":\"https:\\\/\\\/hotelcasacanovas.com\\\/aviso-legal\\\/#breadcrumb\"},\"inLanguage\":\"fr-FR\",\"potentialAction\":[{\"@type\":\"ReadAction\",\"target\":[\"https:\\\/\\\/hotelcasacanovas.com\\\/aviso-legal\\\/\"]}]},{\"@type\":\"BreadcrumbList\",\"@id\":\"https:\\\/\\\/hotelcasacanovas.com\\\/aviso-legal\\\/#breadcrumb\",\"itemListElement\":[{\"@type\":\"ListItem\",\"position\":1,\"name\":\"Portada\",\"item\":\"https:\\\/\\\/hotelcasacanovas.com\\\/\"},{\"@type\":\"ListItem\",\"position\":2,\"name\":\"Aviso Legal\"}]},{\"@type\":\"WebSite\",\"@id\":\"https:\\\/\\\/hotelcasacanovas.com\\\/#website\",\"url\":\"https:\\\/\\\/hotelcasacanovas.com\\\/\",\"name\":\"Hotel Casa C\u00e1novas\",\"description\":\"Hotel en C\u00e1diz \u00danico &amp; Vanguardista\",\"publisher\":{\"@id\":\"https:\\\/\\\/hotelcasacanovas.com\\\/#organization\"},\"alternateName\":\"Hotel Casa C\u00e1novas en C\u00e1diz\",\"potentialAction\":[{\"@type\":\"SearchAction\",\"target\":{\"@type\":\"EntryPoint\",\"urlTemplate\":\"https:\\\/\\\/hotelcasacanovas.com\\\/?s={search_term_string}\"},\"query-input\":{\"@type\":\"PropertyValueSpecification\",\"valueRequired\":true,\"valueName\":\"search_term_string\"}}],\"inLanguage\":\"fr-FR\"},{\"@type\":\"Organization\",\"@id\":\"https:\\\/\\\/hotelcasacanovas.com\\\/#organization\",\"name\":\"Hotel Casa C\u00e1novas\",\"alternateName\":\"Hotel Casa C\u00e1novas | Hotel en C\u00e1diz\",\"url\":\"https:\\\/\\\/hotelcasacanovas.com\\\/\",\"logo\":{\"@type\":\"ImageObject\",\"inLanguage\":\"fr-FR\",\"@id\":\"https:\\\/\\\/hotelcasacanovas.com\\\/#\\\/schema\\\/logo\\\/image\\\/\",\"url\":\"https:\\\/\\\/hotelcasacanovas.com\\\/wp-content\\\/uploads\\\/2025\\\/09\\\/logo_CasaCanovas_fondoNegro-1.webp\",\"contentUrl\":\"https:\\\/\\\/hotelcasacanovas.com\\\/wp-content\\\/uploads\\\/2025\\\/09\\\/logo_CasaCanovas_fondoNegro-1.webp\",\"width\":663,\"height\":494,\"caption\":\"Hotel Casa C\u00e1novas\"},\"image\":{\"@id\":\"https:\\\/\\\/hotelcasacanovas.com\\\/#\\\/schema\\\/logo\\\/image\\\/\"},\"sameAs\":[\"https:\\\/\\\/www.instagram.com\\\/casacanovashotel\\\/\",\"https:\\\/\\\/www.facebook.com\\\/profile.php?id=100071179719581\"]}]}<\/script>\n<!-- \/ Yoast SEO plugin. -->","yoast_head_json":{"title":"Avis juridique - H\u00f4tel Casa C\u00e1novas","robots":{"index":"noindex","follow":"nofollow"},"og_locale":"fr_FR","og_type":"article","og_title":"Aviso Legal | Hotel Casa C\u00e1novas","og_description":"Aviso legal y condiciones generales. I. INFORMACI\u00d3N GENERAL En cumplimiento con el deber de informaci\u00f3n dispuesto en la Ley 34\/2002 de Servicios de la Sociedad de la Informaci\u00f3n y el Comercio Electr\u00f3nico (LSSI-CE) de 11 de julio, se facilitan a continuaci\u00f3n los siguientes datos de informaci\u00f3n general de este sitio web: La titularidad de este [&hellip;]","og_url":"https:\/\/hotelcasacanovas.com\/fr\/avis-juridique\/","og_site_name":"Hotel Casa C\u00e1novas","article_modified_time":"2026-01-15T15:01:18+00:00","og_image":[{"width":1284,"height":1594,"url":"https:\/\/hotelcasacanovas.com\/wp-content\/uploads\/2025\/10\/terraza-cadiz-hotel.webp","type":"image\/webp"}],"twitter_card":"summary_large_image","twitter_misc":{"Dur\u00e9e de lecture estim\u00e9e":"7 minutes"},"schema":{"@context":"https:\/\/schema.org","@graph":[{"@type":"WebPage","@id":"https:\/\/hotelcasacanovas.com\/aviso-legal\/","url":"https:\/\/hotelcasacanovas.com\/aviso-legal\/","name":"Avis juridique - H\u00f4tel Casa C\u00e1novas","isPartOf":{"@id":"https:\/\/hotelcasacanovas.com\/#website"},"datePublished":"2025-09-08T11:01:56+00:00","dateModified":"2026-01-15T15:01:18+00:00","breadcrumb":{"@id":"https:\/\/hotelcasacanovas.com\/aviso-legal\/#breadcrumb"},"inLanguage":"fr-FR","potentialAction":[{"@type":"ReadAction","target":["https:\/\/hotelcasacanovas.com\/aviso-legal\/"]}]},{"@type":"BreadcrumbList","@id":"https:\/\/hotelcasacanovas.com\/aviso-legal\/#breadcrumb","itemListElement":[{"@type":"ListItem","position":1,"name":"Portada","item":"https:\/\/hotelcasacanovas.com\/"},{"@type":"ListItem","position":2,"name":"Aviso Legal"}]},{"@type":"WebSite","@id":"https:\/\/hotelcasacanovas.com\/#website","url":"https:\/\/hotelcasacanovas.com\/","name":"H\u00f4tel Casa C\u00e1novas","description":"H\u00f4tel unique et avant-gardiste \u00e0 Cadix","publisher":{"@id":"https:\/\/hotelcasacanovas.com\/#organization"},"alternateName":"Hotel Casa C\u00e1novas en C\u00e1diz","potentialAction":[{"@type":"SearchAction","target":{"@type":"EntryPoint","urlTemplate":"https:\/\/hotelcasacanovas.com\/?s={search_term_string}"},"query-input":{"@type":"PropertyValueSpecification","valueRequired":true,"valueName":"search_term_string"}}],"inLanguage":"fr-FR"},{"@type":"Organization","@id":"https:\/\/hotelcasacanovas.com\/#organization","name":"H\u00f4tel Casa C\u00e1novas","alternateName":"Hotel Casa C\u00e1novas | Hotel en C\u00e1diz","url":"https:\/\/hotelcasacanovas.com\/","logo":{"@type":"ImageObject","inLanguage":"fr-FR","@id":"https:\/\/hotelcasacanovas.com\/#\/schema\/logo\/image\/","url":"https:\/\/hotelcasacanovas.com\/wp-content\/uploads\/2025\/09\/logo_CasaCanovas_fondoNegro-1.webp","contentUrl":"https:\/\/hotelcasacanovas.com\/wp-content\/uploads\/2025\/09\/logo_CasaCanovas_fondoNegro-1.webp","width":663,"height":494,"caption":"Hotel Casa C\u00e1novas"},"image":{"@id":"https:\/\/hotelcasacanovas.com\/#\/schema\/logo\/image\/"},"sameAs":["https:\/\/www.instagram.com\/casacanovashotel\/","https:\/\/www.facebook.com\/profile.php?id=100071179719581"]}]}},"_links":{"self":[{"href":"https:\/\/hotelcasacanovas.com\/fr\/wp-json\/wp\/v2\/pages\/1737","targetHints":{"allow":["GET"]}}],"collection":[{"href":"https:\/\/hotelcasacanovas.com\/fr\/wp-json\/wp\/v2\/pages"}],"about":[{"href":"https:\/\/hotelcasacanovas.com\/fr\/wp-json\/wp\/v2\/types\/page"}],"author":[{"embeddable":true,"href":"https:\/\/hotelcasacanovas.com\/fr\/wp-json\/wp\/v2\/users\/9"}],"replies":[{"embeddable":true,"href":"https:\/\/hotelcasacanovas.com\/fr\/wp-json\/wp\/v2\/comments?post=1737"}],"version-history":[{"count":3,"href":"https:\/\/hotelcasacanovas.com\/fr\/wp-json\/wp\/v2\/pages\/1737\/revisions"}],"predecessor-version":[{"id":2793,"href":"https:\/\/hotelcasacanovas.com\/fr\/wp-json\/wp\/v2\/pages\/1737\/revisions\/2793"}],"wp:attachment":[{"href":"https:\/\/hotelcasacanovas.com\/fr\/wp-json\/wp\/v2\/media?parent=1737"}],"curies":[{"name":"wp","href":"https:\/\/api.w.org\/{rel}","templated":true}]}}