{"id":2858,"date":"2025-10-02T15:18:18","date_gmt":"2025-10-02T15:18:18","guid":{"rendered":"https:\/\/hotelcasacanovas.com\/profile\/"},"modified":"2026-01-16T10:54:42","modified_gmt":"2026-01-16T10:54:42","slug":"profile","status":"publish","type":"page","link":"https:\/\/hotelcasacanovas.com\/en\/profile\/","title":{"rendered":"Profile"},"content":{"rendered":"<div data-mirai-component=\"profile\"><\/div>","protected":false},"excerpt":{"rendered":"","protected":false},"author":7,"featured_media":0,"parent":0,"menu_order":0,"comment_status":"closed","ping_status":"closed","template":"","meta":{"footnotes":""},"class_list":["post-2858","page","type-page","status-publish","hentry"],"yoast_head":"<!-- This site is optimized with the Yoast SEO plugin v27.5 - https:\/\/yoast.com\/product\/yoast-seo-wordpress\/ -->\n<title>Profile | Hotel Casa C\u00e1novas<\/title>\n<meta name=\"robots\" content=\"noindex, nofollow\" \/>\n<meta property=\"og:locale\" content=\"en_GB\" \/>\n<meta property=\"og:type\" content=\"article\" \/>\n<meta property=\"og:title\" content=\"Profile | Hotel Casa C\u00e1novas\" \/>\n<meta property=\"og:url\" content=\"https:\/\/hotelcasacanovas.com\/en\/profile\/\" \/>\n<meta property=\"og:site_name\" content=\"Hotel Casa C\u00e1novas\" \/>\n<meta property=\"article:modified_time\" content=\"2026-01-16T10:54:42+00:00\" \/>\n<meta property=\"og:image\" content=\"https:\/\/hotelcasacanovas.com\/wp-content\/uploads\/2025\/10\/terraza-cadiz-hotel.webp\" \/>\n\t<meta property=\"og:image:width\" content=\"1284\" \/>\n\t<meta property=\"og:image:height\" content=\"1594\" \/>\n\t<meta property=\"og:image:type\" content=\"image\/webp\" \/>\n<meta name=\"twitter:card\" content=\"summary_large_image\" \/>\n<meta name=\"twitter:label1\" content=\"Estimated reading time\" \/>\n\t<meta name=\"twitter:data1\" content=\"1 minute\" \/>\n<script type=\"application\/ld+json\" class=\"yoast-schema-graph\">{\"@context\":\"https:\\\/\\\/schema.org\",\"@graph\":[{\"@type\":\"WebPage\",\"@id\":\"https:\\\/\\\/hotelcasacanovas.com\\\/profile\\\/\",\"url\":\"https:\\\/\\\/hotelcasacanovas.com\\\/profile\\\/\",\"name\":\"Profile | Hotel Casa C\u00e1novas\",\"isPartOf\":{\"@id\":\"https:\\\/\\\/hotelcasacanovas.com\\\/#website\"},\"datePublished\":\"2025-10-02T15:18:18+00:00\",\"dateModified\":\"2026-01-16T10:54:42+00:00\",\"breadcrumb\":{\"@id\":\"https:\\\/\\\/hotelcasacanovas.com\\\/profile\\\/#breadcrumb\"},\"inLanguage\":\"en-GB\",\"potentialAction\":[{\"@type\":\"ReadAction\",\"target\":[\"https:\\\/\\\/hotelcasacanovas.com\\\/profile\\\/\"]}]},{\"@type\":\"BreadcrumbList\",\"@id\":\"https:\\\/\\\/hotelcasacanovas.com\\\/profile\\\/#breadcrumb\",\"itemListElement\":[{\"@type\":\"ListItem\",\"position\":1,\"name\":\"Portada\",\"item\":\"https:\\\/\\\/hotelcasacanovas.com\\\/\"},{\"@type\":\"ListItem\",\"position\":2,\"name\":\"Profile\"}]},{\"@type\":\"WebSite\",\"@id\":\"https:\\\/\\\/hotelcasacanovas.com\\\/#website\",\"url\":\"https:\\\/\\\/hotelcasacanovas.com\\\/\",\"name\":\"Hotel Casa C\u00e1novas\",\"description\":\"Hotel en C\u00e1diz \u00danico &amp; Vanguardista\",\"publisher\":{\"@id\":\"https:\\\/\\\/hotelcasacanovas.com\\\/#organization\"},\"alternateName\":\"Hotel Casa C\u00e1novas en C\u00e1diz\",\"potentialAction\":[{\"@type\":\"SearchAction\",\"target\":{\"@type\":\"EntryPoint\",\"urlTemplate\":\"https:\\\/\\\/hotelcasacanovas.com\\\/?s={search_term_string}\"},\"query-input\":{\"@type\":\"PropertyValueSpecification\",\"valueRequired\":true,\"valueName\":\"search_term_string\"}}],\"inLanguage\":\"en-GB\"},{\"@type\":\"Organization\",\"@id\":\"https:\\\/\\\/hotelcasacanovas.com\\\/#organization\",\"name\":\"Hotel Casa C\u00e1novas\",\"alternateName\":\"Hotel Casa C\u00e1novas | Hotel en C\u00e1diz\",\"url\":\"https:\\\/\\\/hotelcasacanovas.com\\\/\",\"logo\":{\"@type\":\"ImageObject\",\"inLanguage\":\"en-GB\",\"@id\":\"https:\\\/\\\/hotelcasacanovas.com\\\/#\\\/schema\\\/logo\\\/image\\\/\",\"url\":\"https:\\\/\\\/hotelcasacanovas.com\\\/wp-content\\\/uploads\\\/2025\\\/09\\\/logo_CasaCanovas_fondoNegro-1.webp\",\"contentUrl\":\"https:\\\/\\\/hotelcasacanovas.com\\\/wp-content\\\/uploads\\\/2025\\\/09\\\/logo_CasaCanovas_fondoNegro-1.webp\",\"width\":663,\"height\":494,\"caption\":\"Hotel Casa C\u00e1novas\"},\"image\":{\"@id\":\"https:\\\/\\\/hotelcasacanovas.com\\\/#\\\/schema\\\/logo\\\/image\\\/\"},\"sameAs\":[\"https:\\\/\\\/www.instagram.com\\\/casacanovashotel\\\/\",\"https:\\\/\\\/www.facebook.com\\\/profile.php?id=100071179719581\"]}]}<\/script>\n<!-- \/ Yoast SEO plugin. -->","yoast_head_json":{"title":"Profile | Hotel Casa C\u00e1novas","robots":{"index":"noindex","follow":"nofollow"},"og_locale":"en_GB","og_type":"article","og_title":"Profile | Hotel Casa C\u00e1novas","og_url":"https:\/\/hotelcasacanovas.com\/en\/profile\/","og_site_name":"Hotel Casa C\u00e1novas","article_modified_time":"2026-01-16T10:54:42+00:00","og_image":[{"width":1284,"height":1594,"url":"https:\/\/hotelcasacanovas.com\/wp-content\/uploads\/2025\/10\/terraza-cadiz-hotel.webp","type":"image\/webp"}],"twitter_card":"summary_large_image","twitter_misc":{"Estimated reading time":"1 minute"},"schema":{"@context":"https:\/\/schema.org","@graph":[{"@type":"WebPage","@id":"https:\/\/hotelcasacanovas.com\/profile\/","url":"https:\/\/hotelcasacanovas.com\/profile\/","name":"Profile | Hotel Casa C\u00e1novas","isPartOf":{"@id":"https:\/\/hotelcasacanovas.com\/#website"},"datePublished":"2025-10-02T15:18:18+00:00","dateModified":"2026-01-16T10:54:42+00:00","breadcrumb":{"@id":"https:\/\/hotelcasacanovas.com\/profile\/#breadcrumb"},"inLanguage":"en-GB","potentialAction":[{"@type":"ReadAction","target":["https:\/\/hotelcasacanovas.com\/profile\/"]}]},{"@type":"BreadcrumbList","@id":"https:\/\/hotelcasacanovas.com\/profile\/#breadcrumb","itemListElement":[{"@type":"ListItem","position":1,"name":"Portada","item":"https:\/\/hotelcasacanovas.com\/"},{"@type":"ListItem","position":2,"name":"Profile"}]},{"@type":"WebSite","@id":"https:\/\/hotelcasacanovas.com\/#website","url":"https:\/\/hotelcasacanovas.com\/","name":"Hotel Casa C\u00e1novas","description":"Unique &amp; Avant-garde Hotel in Cadiz","publisher":{"@id":"https:\/\/hotelcasacanovas.com\/#organization"},"alternateName":"Hotel Casa C\u00e1novas en C\u00e1diz","potentialAction":[{"@type":"SearchAction","target":{"@type":"EntryPoint","urlTemplate":"https:\/\/hotelcasacanovas.com\/?s={search_term_string}"},"query-input":{"@type":"PropertyValueSpecification","valueRequired":true,"valueName":"search_term_string"}}],"inLanguage":"en-GB"},{"@type":"Organization","@id":"https:\/\/hotelcasacanovas.com\/#organization","name":"Hotel Casa C\u00e1novas","alternateName":"Hotel Casa C\u00e1novas | Hotel en C\u00e1diz","url":"https:\/\/hotelcasacanovas.com\/","logo":{"@type":"ImageObject","inLanguage":"en-GB","@id":"https:\/\/hotelcasacanovas.com\/#\/schema\/logo\/image\/","url":"https:\/\/hotelcasacanovas.com\/wp-content\/uploads\/2025\/09\/logo_CasaCanovas_fondoNegro-1.webp","contentUrl":"https:\/\/hotelcasacanovas.com\/wp-content\/uploads\/2025\/09\/logo_CasaCanovas_fondoNegro-1.webp","width":663,"height":494,"caption":"Hotel Casa C\u00e1novas"},"image":{"@id":"https:\/\/hotelcasacanovas.com\/#\/schema\/logo\/image\/"},"sameAs":["https:\/\/www.instagram.com\/casacanovashotel\/","https:\/\/www.facebook.com\/profile.php?id=100071179719581"]}]}},"_links":{"self":[{"href":"https:\/\/hotelcasacanovas.com\/en\/wp-json\/wp\/v2\/pages\/2858","targetHints":{"allow":["GET"]}}],"collection":[{"href":"https:\/\/hotelcasacanovas.com\/en\/wp-json\/wp\/v2\/pages"}],"about":[{"href":"https:\/\/hotelcasacanovas.com\/en\/wp-json\/wp\/v2\/types\/page"}],"author":[{"embeddable":true,"href":"https:\/\/hotelcasacanovas.com\/en\/wp-json\/wp\/v2\/users\/7"}],"replies":[{"embeddable":true,"href":"https:\/\/hotelcasacanovas.com\/en\/wp-json\/wp\/v2\/comments?post=2858"}],"version-history":[{"count":1,"href":"https:\/\/hotelcasacanovas.com\/en\/wp-json\/wp\/v2\/pages\/2858\/revisions"}],"predecessor-version":[{"id":2894,"href":"https:\/\/hotelcasacanovas.com\/en\/wp-json\/wp\/v2\/pages\/2858\/revisions\/2894"}],"wp:attachment":[{"href":"https:\/\/hotelcasacanovas.com\/en\/wp-json\/wp\/v2\/media?parent=2858"}],"curies":[{"name":"wp","href":"https:\/\/api.w.org\/{rel}","templated":true}]}}