{"id":2208,"date":"2025-09-25T11:46:39","date_gmt":"2025-09-25T11:46:39","guid":{"rendered":"https:\/\/hotelcasacanovas.com\/defiant\/?page_id=2208"},"modified":"2026-01-16T08:58:06","modified_gmt":"2026-01-16T08:58:06","slug":"double-deluxe","status":"publish","type":"page","link":"https:\/\/hotelcasacanovas.com\/en\/habitaciones\/doble-deluxe\/","title":{"rendered":"Deluxe Double"},"content":{"rendered":"<div data-elementor-type=\"wp-page\" data-elementor-id=\"2208\" class=\"elementor elementor-2208\" data-elementor-post-type=\"page\">\n\t\t\t\t<div class=\"elementor-element elementor-element-e914abe e-flex e-con-boxed e-con e-parent\" data-id=\"e914abe\" data-element_type=\"container\" data-e-type=\"container\" data-settings=\"{&quot;background_background&quot;:&quot;classic&quot;}\">\n\t\t\t\t\t<div class=\"e-con-inner\">\n\t\t<div class=\"elementor-element elementor-element-76a6814 e-con-full e-flex e-con e-child\" data-id=\"76a6814\" data-element_type=\"container\" data-e-type=\"container\">\n\t\t\t\t<div class=\"elementor-element elementor-element-fe5de4c elementor-widget elementor-widget-heading\" data-id=\"fe5de4c\" data-element_type=\"widget\" data-e-type=\"widget\" data-widget_type=\"heading.default\">\n\t\t\t\t\t<h2 class=\"elementor-heading-title elementor-size-default\">Deluxe Double<\/h2>\t\t\t\t<\/div>\n\t\t\t\t<div class=\"elementor-element elementor-element-15d44d3 elementor-widget elementor-widget-text-editor\" data-id=\"15d44d3\" data-element_type=\"widget\" data-e-type=\"widget\" data-widget_type=\"text-editor.default\">\n\t\t\t\t\t\t\t\t\tExclusive design, extra space and superior features. Ideal for those who want a more sophisticated ambience without going up to a suite.\t\t\t\t\t\t\t\t<\/div>\n\t\t\t\t<div class=\"elementor-element elementor-element-88de76c elementor-align-justify elementor-widget__width-initial elementor-widget elementor-widget-button\" data-id=\"88de76c\" data-element_type=\"widget\" data-e-type=\"widget\" data-widget_type=\"button.default\">\n\t\t\t\t\t\t\t\t\t\t<a class=\"elementor-button elementor-button-link elementor-size-sm\" href=\"https:\/\/hotelcasacanovas.com\/en\/rates\/?idtokenprovider=100377155&#038;lang=es\" target=\"_blank\">\n\t\t\t\t\t\t<span class=\"elementor-button-content-wrapper\">\n\t\t\t\t\t\t\t\t\t<span class=\"elementor-button-text\">Book<\/span>\n\t\t\t\t\t<\/span>\n\t\t\t\t\t<\/a>\n\t\t\t\t\t\t\t\t<\/div>\n\t\t\t\t<div class=\"elementor-element elementor-element-27feeb7 elementor-widget-divider--view-line elementor-widget elementor-widget-divider\" data-id=\"27feeb7\" data-element_type=\"widget\" data-e-type=\"widget\" data-widget_type=\"divider.default\">\n\t\t\t\t\t\t\t<div class=\"elementor-divider\">\n\t\t\t<span class=\"elementor-divider-separator\">\n\t\t\t\t\t\t<\/span>\n\t\t<\/div>\n\t\t\t\t\t\t<\/div>\n\t\t\t\t<div class=\"elementor-element elementor-element-7f38c15 elementor-icon-list--layout-traditional elementor-list-item-link-full_width elementor-widget elementor-widget-icon-list\" data-id=\"7f38c15\" data-element_type=\"widget\" data-e-type=\"widget\" data-widget_type=\"icon-list.default\">\n\t\t\t\t\t\t\t<ul class=\"elementor-icon-list-items\">\n\t\t\t\t\t\t\t<li class=\"elementor-icon-list-item\">\n\t\t\t\t\t\t\t\t\t\t\t<span class=\"elementor-icon-list-icon\">\n\t\t\t\t\t\t\t<svg aria-hidden=\"true\" class=\"e-font-icon-svg e-fas-key\" viewbox=\"0 0 512 512\" xmlns=\"http:\/\/www.w3.org\/2000\/svg\"><path d=\"M512 176.001C512 273.203 433.202 352 336 352c-11.22 0-22.19-1.062-32.827-3.069l-24.012 27.014A23.999 23.999 0 0 1 261.223 384H224v40c0 13.255-10.745 24-24 24h-40v40c0 13.255-10.745 24-24 24H24c-13.255 0-24-10.745-24-24v-78.059c0-6.365 2.529-12.47 7.029-16.971l161.802-161.802C163.108 213.814 160 195.271 160 176 160 78.798 238.797.001 335.999 0 433.488-.001 512 78.511 512 176.001zM336 128c0 26.51 21.49 48 48 48s48-21.49 48-48-21.49-48-48-48-48 21.49-48 48z\"><\/path><\/svg>\t\t\t\t\t\t<\/span>\n\t\t\t\t\t\t\t\t\t\t<span class=\"elementor-icon-list-text\">Room of 30m<\/span>\n\t\t\t\t\t\t\t\t\t<\/li>\n\t\t\t\t\t\t\t\t<li class=\"elementor-icon-list-item\">\n\t\t\t\t\t\t\t\t\t\t\t<span class=\"elementor-icon-list-icon\">\n\t\t\t\t\t\t\t<svg aria-hidden=\"true\" class=\"e-font-icon-svg e-fas-bed\" viewbox=\"0 0 640 512\" xmlns=\"http:\/\/www.w3.org\/2000\/svg\"><path d=\"M176 256c44.11 0 80-35.89 80-80s-35.89-80-80-80-80 35.89-80 80 35.89 80 80 80zm352-128H304c-8.84 0-16 7.16-16 16v144H64V80c0-8.84-7.16-16-16-16H16C7.16 64 0 71.16 0 80v352c0 8.84 7.16 16 16 16h32c8.84 0 16-7.16 16-16v-48h512v48c0 8.84 7.16 16 16 16h32c8.84 0 16-7.16 16-16V240c0-61.86-50.14-112-112-112z\"><\/path><\/svg>\t\t\t\t\t\t<\/span>\n\t\t\t\t\t\t\t\t\t\t<span class=\"elementor-icon-list-text\">King Size Bed<\/span>\n\t\t\t\t\t\t\t\t\t<\/li>\n\t\t\t\t\t\t\t\t<li class=\"elementor-icon-list-item\">\n\t\t\t\t\t\t\t\t\t\t\t<span class=\"elementor-icon-list-icon\">\n\t\t\t\t\t\t\t<svg aria-hidden=\"true\" class=\"e-font-icon-svg e-fas-shower\" viewbox=\"0 0 512 512\" xmlns=\"http:\/\/www.w3.org\/2000\/svg\"><path d=\"M304,320a16,16,0,1,0,16,16A16,16,0,0,0,304,320Zm32-96a16,16,0,1,0,16,16A16,16,0,0,0,336,224Zm32,64a16,16,0,1,0-16-16A16,16,0,0,0,368,288Zm-32,32a16,16,0,1,0-16-16A16,16,0,0,0,336,320Zm-32-64a16,16,0,1,0,16,16A16,16,0,0,0,304,256Zm128-32a16,16,0,1,0-16-16A16,16,0,0,0,432,224Zm-48,16a16,16,0,1,0,16-16A16,16,0,0,0,384,240Zm-16-48a16,16,0,1,0,16,16A16,16,0,0,0,368,192Zm96,32a16,16,0,1,0,16,16A16,16,0,0,0,464,224Zm32-32a16,16,0,1,0,16,16A16,16,0,0,0,496,192Zm-64,64a16,16,0,1,0,16,16A16,16,0,0,0,432,256Zm-32,32a16,16,0,1,0,16,16A16,16,0,0,0,400,288Zm-64,64a16,16,0,1,0,16,16A16,16,0,0,0,336,352Zm-32,32a16,16,0,1,0,16,16A16,16,0,0,0,304,384Zm64-64a16,16,0,1,0,16,16A16,16,0,0,0,368,320Zm21.65-218.35-11.3-11.31a16,16,0,0,0-22.63,0L350.05,96A111.19,111.19,0,0,0,272,64c-19.24,0-37.08,5.3-52.9,13.85l-10-10A121.72,121.72,0,0,0,123.44,32C55.49,31.5,0,92.91,0,160.85V464a16,16,0,0,0,16,16H48a16,16,0,0,0,16-16V158.4c0-30.15,21-58.2,51-61.93a58.38,58.38,0,0,1,48.93,16.67l10,10C165.3,138.92,160,156.76,160,176a111.23,111.23,0,0,0,32,78.05l-5.66,5.67a16,16,0,0,0,0,22.62l11.3,11.31a16,16,0,0,0,22.63,0L389.65,124.28A16,16,0,0,0,389.65,101.65Z\"><\/path><\/svg>\t\t\t\t\t\t<\/span>\n\t\t\t\t\t\t\t\t\t\t<span class=\"elementor-icon-list-text\">Shower<\/span>\n\t\t\t\t\t\t\t\t\t<\/li>\n\t\t\t\t\t\t\t\t<li class=\"elementor-icon-list-item\">\n\t\t\t\t\t\t\t\t\t\t\t<span class=\"elementor-icon-list-icon\">\n\t\t\t\t\t\t\t<svg aria-hidden=\"true\" class=\"e-font-icon-svg e-fas-tv\" viewbox=\"0 0 640 512\" xmlns=\"http:\/\/www.w3.org\/2000\/svg\"><path d=\"M592 0H48A48 48 0 0 0 0 48v320a48 48 0 0 0 48 48h240v32H112a16 16 0 0 0-16 16v32a16 16 0 0 0 16 16h416a16 16 0 0 0 16-16v-32a16 16 0 0 0-16-16H352v-32h240a48 48 0 0 0 48-48V48a48 48 0 0 0-48-48zm-16 352H64V64h512z\"><\/path><\/svg>\t\t\t\t\t\t<\/span>\n\t\t\t\t\t\t\t\t\t\t<span class=\"elementor-icon-list-text\">65' TV<\/span>\n\t\t\t\t\t\t\t\t\t<\/li>\n\t\t\t\t\t\t\t\t<li class=\"elementor-icon-list-item\">\n\t\t\t\t\t\t\t\t\t\t\t<span class=\"elementor-icon-list-icon\">\n\t\t\t\t\t\t\t<svg xmlns=\"http:\/\/www.w3.org\/2000\/svg\" width=\"512\" height=\"512\" viewbox=\"0 0 128 128\" fill=\"none\" stroke=\"white\" stroke-width=\"5\" stroke-linecap=\"round\" stroke-linejoin=\"round\" aria-label=\"Icon large long bathrobe\"><path d=\"M44 28l20 24 20-24\"><\/path><path d=\"M64 52v60\"><\/path><path d=\"M44 28c-10 0-20 14-20 26v12l-10 24c-2 5 2 10 8 10h22\"><\/path><path d=\"M84 28c10 0 20 14 20 26v12l10 24c2 5-2 10-8 10H84\"><\/path><path d=\"M36 76h56\"><\/path><path d=\"M44 76c0 20-6 36-6 36h52s-6-16-6-36\"><\/path><\/svg>\t\t\t\t\t\t<\/span>\n\t\t\t\t\t\t\t\t\t\t<span class=\"elementor-icon-list-text\">Bathrobe<\/span>\n\t\t\t\t\t\t\t\t\t<\/li>\n\t\t\t\t\t\t\t\t<li class=\"elementor-icon-list-item\">\n\t\t\t\t\t\t\t\t\t\t\t<span class=\"elementor-icon-list-icon\">\n\t\t\t\t\t\t\t<svg xmlns=\"http:\/\/www.w3.org\/2000\/svg\" width=\"512\" height=\"512\" viewbox=\"0 0 128 128\" fill=\"none\" stroke=\"white\" stroke-width=\"5\" stroke-linecap=\"round\" stroke-linejoin=\"round\" aria-label=\"Large air hairdryer icon\"><path d=\"M20 40h64c8 0 14 6 14 14s-6 14-14 14H20c-6 0-10-4-10-10V50c0-6 4-10 10-10z\"><\/path><circle cx=\"92\" cy=\"54\" r=\"10\"><\/circle><line x1=\"92\" y1=\"44\" x2=\"92\" y2=\"64\"><\/line><line x1=\"82\" y1=\"54\" x2=\"102\" y2=\"54\"><\/line><path d=\"M64 68l10 36c1 6-2 10-8 10h-6c-6 0-10-4-11-9l-7-37z\"><\/path><line x1=\"70\" y1=\"84\" x2=\"60\" y2=\"84\"><\/line><line x1=\"72\" y1=\"92\" x2=\"62\" y2=\"92\"><\/line><path d=\"M104 54c8 0 12 4 16 4\"><\/path><path d=\"M104 48c10 0 18 6 22 6\"><\/path><path d=\"M104 60c10 0 18 8 22 8\"><\/path><\/svg>\t\t\t\t\t\t<\/span>\n\t\t\t\t\t\t\t\t\t\t<span class=\"elementor-icon-list-text\">Hair dryer<\/span>\n\t\t\t\t\t\t\t\t\t<\/li>\n\t\t\t\t\t\t\t\t<li class=\"elementor-icon-list-item\">\n\t\t\t\t\t\t\t\t\t\t\t<span class=\"elementor-icon-list-icon\">\n\t\t\t\t\t\t\t<svg aria-hidden=\"true\" class=\"e-font-icon-svg e-fas-soap\" viewbox=\"0 0 512 512\" xmlns=\"http:\/\/www.w3.org\/2000\/svg\"><path d=\"M416,192a95.42,95.42,0,0,1-30.94,70.21A95.8,95.8,0,0,1,352,448H160a96,96,0,0,1,0-192h88.91A95.3,95.3,0,0,1,224,192H96A96,96,0,0,0,0,288V416a96,96,0,0,0,96,96H416a96,96,0,0,0,96-96V288A96,96,0,0,0,416,192Zm-96,64a64,64,0,1,0-64-64A64,64,0,0,0,320,256ZM208,96a48,48,0,1,0-48-48A48,48,0,0,0,208,96ZM384,64a32,32,0,1,0-32-32A32,32,0,0,0,384,64ZM160,288a64,64,0,0,0,0,128H352a64,64,0,0,0,0-128Z\"><\/path><\/svg>\t\t\t\t\t\t<\/span>\n\t\t\t\t\t\t\t\t\t\t<span class=\"elementor-icon-list-text\">Ortigia soaps<\/span>\n\t\t\t\t\t\t\t\t\t<\/li>\n\t\t\t\t\t\t\t\t<li class=\"elementor-icon-list-item\">\n\t\t\t\t\t\t\t\t\t\t\t<span class=\"elementor-icon-list-icon\">\n\t\t\t\t\t\t\t<svg xmlns=\"http:\/\/www.w3.org\/2000\/svg\" width=\"512\" height=\"512\" viewbox=\"0 0 128 128\" aria-label=\"Simple legible towel icon\"><defs><mask id=\"cutouts\"><rect x=\"0\" y=\"0\" width=\"128\" height=\"128\" fill=\"black\"><\/rect><rect x=\"20\" y=\"40\" width=\"88\" height=\"48\" rx=\"12\" ry=\"12\" fill=\"white\"><\/rect><rect x=\"26\" y=\"72\" width=\"76\" height=\"8\" rx=\"4\" ry=\"4\" fill=\"black\"><\/rect><polygon points=\"96,40 108,40 108,52\" fill=\"black\"><\/polygon><\/mask><\/defs><rect x=\"0\" y=\"0\" width=\"128\" height=\"128\" fill=\"white\" mask=\"url(#cutouts)\"><\/rect><\/svg>\t\t\t\t\t\t<\/span>\n\t\t\t\t\t\t\t\t\t\t<span class=\"elementor-icon-list-text\">Towels 100% cotton<\/span>\n\t\t\t\t\t\t\t\t\t<\/li>\n\t\t\t\t\t\t\t\t<li class=\"elementor-icon-list-item\">\n\t\t\t\t\t\t\t\t\t\t\t<span class=\"elementor-icon-list-icon\">\n\t\t\t\t\t\t\t<svg aria-hidden=\"true\" class=\"e-font-icon-svg e-fas-glass-martini-alt\" viewbox=\"0 0 512 512\" xmlns=\"http:\/\/www.w3.org\/2000\/svg\"><path d=\"M502.05 57.6C523.3 36.34 508.25 0 478.2 0H33.8C3.75 0-11.3 36.34 9.95 57.6L224 271.64V464h-56c-22.09 0-40 17.91-40 40 0 4.42 3.58 8 8 8h240c4.42 0 8-3.58 8-8 0-22.09-17.91-40-40-40h-56V271.64L502.05 57.6zM443.77 48l-48 48H116.24l-48-48h375.53z\"><\/path><\/svg>\t\t\t\t\t\t<\/span>\n\t\t\t\t\t\t\t\t\t\t<span class=\"elementor-icon-list-text\">Minibar<\/span>\n\t\t\t\t\t\t\t\t\t<\/li>\n\t\t\t\t\t\t<\/ul>\n\t\t\t\t\t\t<\/div>\n\t\t\t\t<\/div>\n\t\t<div class=\"elementor-element elementor-element-28d51c6 e-con-full e-flex e-con e-child\" data-id=\"28d51c6\" data-element_type=\"container\" data-e-type=\"container\">\n\t\t\t\t<div class=\"elementor-element elementor-element-bdecbf5 elementor-widget elementor-widget-image\" data-id=\"bdecbf5\" data-element_type=\"widget\" data-e-type=\"widget\" data-widget_type=\"image.default\">\n\t\t\t\t\t\t\t\t\t\t\t\t\t\t\t<img fetchpriority=\"high\" decoding=\"async\" width=\"1383\" height=\"1252\" src=\"https:\/\/hotelcasacanovas.com\/wp-content\/uploads\/2025\/09\/deluxe1.webp\" class=\"attachment-full size-full wp-image-2408\" alt=\"deluxe double room bed - Hotel Casa C\u00e1novas\" srcset=\"https:\/\/hotelcasacanovas.com\/wp-content\/uploads\/2025\/09\/deluxe1.webp 1383w, https:\/\/hotelcasacanovas.com\/wp-content\/uploads\/2025\/09\/deluxe1-300x272.webp 300w, https:\/\/hotelcasacanovas.com\/wp-content\/uploads\/2025\/09\/deluxe1-1024x927.webp 1024w, https:\/\/hotelcasacanovas.com\/wp-content\/uploads\/2025\/09\/deluxe1-768x695.webp 768w\" sizes=\"(max-width: 1383px) 100vw, 1383px\" \/>\t\t\t\t\t\t\t\t\t\t\t\t\t\t\t<\/div>\n\t\t\t\t<div class=\"elementor-element elementor-element-8fd14c3 elementor-widget__width-initial elementor-widget elementor-widget-text-editor\" data-id=\"8fd14c3\" data-element_type=\"widget\" data-e-type=\"widget\" data-widget_type=\"text-editor.default\">\n\t\t\t\t\t\t\t\t\t<p>Enjoy 30m2 with a balcony and views of C\u00e1novas del Castillo street. Sleep in your king size bed (180 x 200) on a mattress made of cotton, silk and other natural materials.<\/p><p>What's more? Minibar, hairdryer, Ortigia soaps and towels 100% 550gr cotton, bathrobe and a 65\" TV.<\/p><p>You have the option to choose our Deluxe Double with Devon &amp; Devon bathtub.<\/p>\t\t\t\t\t\t\t\t<\/div>\n\t\t\t\t<div class=\"elementor-element elementor-element-680d70b elementor-widget elementor-widget-image\" data-id=\"680d70b\" data-element_type=\"widget\" data-e-type=\"widget\" data-widget_type=\"image.default\">\n\t\t\t\t\t\t\t\t\t\t\t\t\t\t\t<img decoding=\"async\" width=\"513\" height=\"640\" src=\"https:\/\/hotelcasacanovas.com\/wp-content\/uploads\/2025\/09\/deluxe2.webp\" class=\"attachment-full size-full wp-image-2409\" alt=\"Deluxe double room bathroom - Hotel Casa C\u00e1novas\" srcset=\"https:\/\/hotelcasacanovas.com\/wp-content\/uploads\/2025\/09\/deluxe2.webp 513w, https:\/\/hotelcasacanovas.com\/wp-content\/uploads\/2025\/09\/deluxe2-240x300.webp 240w\" sizes=\"(max-width: 513px) 100vw, 513px\" \/>\t\t\t\t\t\t\t\t\t\t\t\t\t\t\t<\/div>\n\t\t\t\t<\/div>\n\t\t\t\t\t<\/div>\n\t\t\t\t<\/div>\n\t\t\t\t<\/div>","protected":false},"excerpt":{"rendered":"<p>Doble Deluxe Dise\u00f1o exclusivo, amplitud extra y prestaciones superiores. Ideal para quienes desean un ambiente m\u00e1s sofisticado sin subir a suite. Reservar Habitaci\u00f3n de 30m Cama King Size Ducha Televisi\u00f3n de 65\u00b4 Albornoz Secador de pelo Jabones de ortigia Toallas 100% algod\u00f3n Minibar Disfrute de 30m2 con balc\u00f3n y vistas a la calle C\u00e1novas del [&hellip;]<\/p>\n","protected":false},"author":9,"featured_media":0,"parent":1722,"menu_order":0,"comment_status":"closed","ping_status":"closed","template":"","meta":{"footnotes":""},"class_list":["post-2208","page","type-page","status-publish","hentry"],"yoast_head":"<!-- This site is optimized with the Yoast SEO plugin v27.2 - https:\/\/yoast.com\/product\/yoast-seo-wordpress\/ -->\n<title>Doble Deluxe | Hotel Casa C\u00e1novas<\/title>\n<meta name=\"description\" content=\"Habitaci\u00f3n Doble Deluxe con dise\u00f1o elegante, cama Queen Size y amenities premium. Disfruta confort y estilo en Hotel Casa C\u00e1novas.\" \/>\n<meta name=\"robots\" content=\"index, follow, max-snippet:-1, max-image-preview:large, max-video-preview:-1\" \/>\n<link rel=\"canonical\" href=\"https:\/\/hotelcasacanovas.com\/en\/rooms\/double-deluxe\/\" \/>\n<meta property=\"og:locale\" content=\"en_GB\" \/>\n<meta property=\"og:type\" content=\"article\" \/>\n<meta property=\"og:title\" content=\"Doble Deluxe | Hotel Casa C\u00e1novas\" \/>\n<meta property=\"og:description\" content=\"Habitaci\u00f3n Doble Deluxe con dise\u00f1o elegante, cama Queen Size y amenities premium. Disfruta confort y estilo en Hotel Casa C\u00e1novas.\" \/>\n<meta property=\"og:url\" content=\"https:\/\/hotelcasacanovas.com\/en\/rooms\/double-deluxe\/\" \/>\n<meta property=\"og:site_name\" content=\"Hotel Casa C\u00e1novas\" \/>\n<meta property=\"article:modified_time\" content=\"2026-01-16T08:58:06+00:00\" \/>\n<meta property=\"og:image\" content=\"https:\/\/hotelcasacanovas.com\/wp-content\/uploads\/2025\/09\/deluxe1.webp\" \/>\n<meta name=\"twitter:card\" content=\"summary_large_image\" \/>\n<meta name=\"twitter:label1\" content=\"Estimated reading time\" \/>\n\t<meta name=\"twitter:data1\" content=\"1 minute\" \/>\n<script type=\"application\/ld+json\" class=\"yoast-schema-graph\">{\"@context\":\"https:\/\/schema.org\",\"@graph\":[{\"@type\":\"WebPage\",\"@id\":\"https:\/\/hotelcasacanovas.com\/habitaciones\/doble-deluxe\/\",\"url\":\"https:\/\/hotelcasacanovas.com\/habitaciones\/doble-deluxe\/\",\"name\":\"Doble Deluxe | Hotel Casa C\u00e1novas\",\"isPartOf\":{\"@id\":\"https:\/\/hotelcasacanovas.com\/#website\"},\"primaryImageOfPage\":{\"@id\":\"https:\/\/hotelcasacanovas.com\/habitaciones\/doble-deluxe\/#primaryimage\"},\"image\":{\"@id\":\"https:\/\/hotelcasacanovas.com\/habitaciones\/doble-deluxe\/#primaryimage\"},\"thumbnailUrl\":\"https:\/\/hotelcasacanovas.com\/wp-content\/uploads\/2025\/09\/deluxe1.webp\",\"datePublished\":\"2025-09-25T11:46:39+00:00\",\"dateModified\":\"2026-01-16T08:58:06+00:00\",\"description\":\"Habitaci\u00f3n Doble Deluxe con dise\u00f1o elegante, cama Queen Size y amenities premium. Disfruta confort y estilo en Hotel Casa C\u00e1novas.\",\"breadcrumb\":{\"@id\":\"https:\/\/hotelcasacanovas.com\/habitaciones\/doble-deluxe\/#breadcrumb\"},\"inLanguage\":\"en-GB\",\"potentialAction\":[{\"@type\":\"ReadAction\",\"target\":[\"https:\/\/hotelcasacanovas.com\/habitaciones\/doble-deluxe\/\"]}]},{\"@type\":\"ImageObject\",\"inLanguage\":\"en-GB\",\"@id\":\"https:\/\/hotelcasacanovas.com\/habitaciones\/doble-deluxe\/#primaryimage\",\"url\":\"https:\/\/hotelcasacanovas.com\/wp-content\/uploads\/2025\/09\/deluxe1.webp\",\"contentUrl\":\"https:\/\/hotelcasacanovas.com\/wp-content\/uploads\/2025\/09\/deluxe1.webp\"},{\"@type\":\"BreadcrumbList\",\"@id\":\"https:\/\/hotelcasacanovas.com\/habitaciones\/doble-deluxe\/#breadcrumb\",\"itemListElement\":[{\"@type\":\"ListItem\",\"position\":1,\"name\":\"Portada\",\"item\":\"https:\/\/hotelcasacanovas.com\/\"},{\"@type\":\"ListItem\",\"position\":2,\"name\":\"Habitaciones\",\"item\":\"https:\/\/hotelcasacanovas.com\/habitaciones\/\"},{\"@type\":\"ListItem\",\"position\":3,\"name\":\"Doble Deluxe\"}]},{\"@type\":\"WebSite\",\"@id\":\"https:\/\/hotelcasacanovas.com\/#website\",\"url\":\"https:\/\/hotelcasacanovas.com\/\",\"name\":\"Hotel Casa C\u00e1novas\",\"description\":\"Hotel en C\u00e1diz \u00danico &amp; Vanguardista\",\"publisher\":{\"@id\":\"https:\/\/hotelcasacanovas.com\/#organization\"},\"alternateName\":\"Hotel Casa C\u00e1novas en C\u00e1diz\",\"potentialAction\":[{\"@type\":\"SearchAction\",\"target\":{\"@type\":\"EntryPoint\",\"urlTemplate\":\"https:\/\/hotelcasacanovas.com\/?s={search_term_string}\"},\"query-input\":{\"@type\":\"PropertyValueSpecification\",\"valueRequired\":true,\"valueName\":\"search_term_string\"}}],\"inLanguage\":\"en-GB\"},{\"@type\":\"Organization\",\"@id\":\"https:\/\/hotelcasacanovas.com\/#organization\",\"name\":\"Hotel Casa C\u00e1novas\",\"alternateName\":\"Hotel Casa C\u00e1novas | Hotel en C\u00e1diz\",\"url\":\"https:\/\/hotelcasacanovas.com\/\",\"logo\":{\"@type\":\"ImageObject\",\"inLanguage\":\"en-GB\",\"@id\":\"https:\/\/hotelcasacanovas.com\/#\/schema\/logo\/image\/\",\"url\":\"https:\/\/hotelcasacanovas.com\/wp-content\/uploads\/2025\/09\/logo_CasaCanovas_fondoNegro-1.webp\",\"contentUrl\":\"https:\/\/hotelcasacanovas.com\/wp-content\/uploads\/2025\/09\/logo_CasaCanovas_fondoNegro-1.webp\",\"width\":663,\"height\":494,\"caption\":\"Hotel Casa C\u00e1novas\"},\"image\":{\"@id\":\"https:\/\/hotelcasacanovas.com\/#\/schema\/logo\/image\/\"},\"sameAs\":[\"https:\/\/www.instagram.com\/casacanovashotel\/\",\"https:\/\/www.facebook.com\/profile.php?id=100071179719581\"]}]}<\/script>\n<!-- \/ Yoast SEO plugin. -->","yoast_head_json":{"title":"Double Deluxe Room : Hotel Casa C\u00e1novas","description":"Deluxe Double Room with elegant design, Queen Size bed and premium amenities. Enjoy comfort and style at Hotel Casa C\u00e1novas.","robots":{"index":"index","follow":"follow","max-snippet":"max-snippet:-1","max-image-preview":"max-image-preview:large","max-video-preview":"max-video-preview:-1"},"canonical":"https:\/\/hotelcasacanovas.com\/en\/rooms\/double-deluxe\/","og_locale":"en_GB","og_type":"article","og_title":"Doble Deluxe | Hotel Casa C\u00e1novas","og_description":"Habitaci\u00f3n Doble Deluxe con dise\u00f1o elegante, cama Queen Size y amenities premium. Disfruta confort y estilo en Hotel Casa C\u00e1novas.","og_url":"https:\/\/hotelcasacanovas.com\/en\/rooms\/double-deluxe\/","og_site_name":"Hotel Casa C\u00e1novas","article_modified_time":"2026-01-16T08:58:06+00:00","og_image":[{"url":"https:\/\/hotelcasacanovas.com\/wp-content\/uploads\/2025\/09\/deluxe1.webp","type":"","width":"","height":""}],"twitter_card":"summary_large_image","twitter_misc":{"Estimated reading time":"1 minute"},"schema":{"@context":"https:\/\/schema.org","@graph":[{"@type":"WebPage","@id":"https:\/\/hotelcasacanovas.com\/habitaciones\/doble-deluxe\/","url":"https:\/\/hotelcasacanovas.com\/habitaciones\/doble-deluxe\/","name":"Double Deluxe Room : Hotel Casa C\u00e1novas","isPartOf":{"@id":"https:\/\/hotelcasacanovas.com\/#website"},"primaryImageOfPage":{"@id":"https:\/\/hotelcasacanovas.com\/habitaciones\/doble-deluxe\/#primaryimage"},"image":{"@id":"https:\/\/hotelcasacanovas.com\/habitaciones\/doble-deluxe\/#primaryimage"},"thumbnailUrl":"https:\/\/hotelcasacanovas.com\/wp-content\/uploads\/2025\/09\/deluxe1.webp","datePublished":"2025-09-25T11:46:39+00:00","dateModified":"2026-01-16T08:58:06+00:00","description":"Deluxe Double Room with elegant design, Queen Size bed and premium amenities. Enjoy comfort and style at Hotel Casa C\u00e1novas.","breadcrumb":{"@id":"https:\/\/hotelcasacanovas.com\/habitaciones\/doble-deluxe\/#breadcrumb"},"inLanguage":"en-GB","potentialAction":[{"@type":"ReadAction","target":["https:\/\/hotelcasacanovas.com\/habitaciones\/doble-deluxe\/"]}]},{"@type":"ImageObject","inLanguage":"en-GB","@id":"https:\/\/hotelcasacanovas.com\/habitaciones\/doble-deluxe\/#primaryimage","url":"https:\/\/hotelcasacanovas.com\/wp-content\/uploads\/2025\/09\/deluxe1.webp","contentUrl":"https:\/\/hotelcasacanovas.com\/wp-content\/uploads\/2025\/09\/deluxe1.webp"},{"@type":"BreadcrumbList","@id":"https:\/\/hotelcasacanovas.com\/habitaciones\/doble-deluxe\/#breadcrumb","itemListElement":[{"@type":"ListItem","position":1,"name":"Portada","item":"https:\/\/hotelcasacanovas.com\/"},{"@type":"ListItem","position":2,"name":"Habitaciones","item":"https:\/\/hotelcasacanovas.com\/habitaciones\/"},{"@type":"ListItem","position":3,"name":"Doble Deluxe"}]},{"@type":"WebSite","@id":"https:\/\/hotelcasacanovas.com\/#website","url":"https:\/\/hotelcasacanovas.com\/","name":"Hotel Casa C\u00e1novas","description":"Unique &amp; Avant-garde Hotel in Cadiz","publisher":{"@id":"https:\/\/hotelcasacanovas.com\/#organization"},"alternateName":"Hotel Casa C\u00e1novas en C\u00e1diz","potentialAction":[{"@type":"SearchAction","target":{"@type":"EntryPoint","urlTemplate":"https:\/\/hotelcasacanovas.com\/?s={search_term_string}"},"query-input":{"@type":"PropertyValueSpecification","valueRequired":true,"valueName":"search_term_string"}}],"inLanguage":"en-GB"},{"@type":"Organization","@id":"https:\/\/hotelcasacanovas.com\/#organization","name":"Hotel Casa C\u00e1novas","alternateName":"Hotel Casa C\u00e1novas | Hotel en C\u00e1diz","url":"https:\/\/hotelcasacanovas.com\/","logo":{"@type":"ImageObject","inLanguage":"en-GB","@id":"https:\/\/hotelcasacanovas.com\/#\/schema\/logo\/image\/","url":"https:\/\/hotelcasacanovas.com\/wp-content\/uploads\/2025\/09\/logo_CasaCanovas_fondoNegro-1.webp","contentUrl":"https:\/\/hotelcasacanovas.com\/wp-content\/uploads\/2025\/09\/logo_CasaCanovas_fondoNegro-1.webp","width":663,"height":494,"caption":"Hotel Casa C\u00e1novas"},"image":{"@id":"https:\/\/hotelcasacanovas.com\/#\/schema\/logo\/image\/"},"sameAs":["https:\/\/www.instagram.com\/casacanovashotel\/","https:\/\/www.facebook.com\/profile.php?id=100071179719581"]}]}},"_links":{"self":[{"href":"https:\/\/hotelcasacanovas.com\/en\/wp-json\/wp\/v2\/pages\/2208","targetHints":{"allow":["GET"]}}],"collection":[{"href":"https:\/\/hotelcasacanovas.com\/en\/wp-json\/wp\/v2\/pages"}],"about":[{"href":"https:\/\/hotelcasacanovas.com\/en\/wp-json\/wp\/v2\/types\/page"}],"author":[{"embeddable":true,"href":"https:\/\/hotelcasacanovas.com\/en\/wp-json\/wp\/v2\/users\/9"}],"replies":[{"embeddable":true,"href":"https:\/\/hotelcasacanovas.com\/en\/wp-json\/wp\/v2\/comments?post=2208"}],"version-history":[{"count":3,"href":"https:\/\/hotelcasacanovas.com\/en\/wp-json\/wp\/v2\/pages\/2208\/revisions"}],"predecessor-version":[{"id":2775,"href":"https:\/\/hotelcasacanovas.com\/en\/wp-json\/wp\/v2\/pages\/2208\/revisions\/2775"}],"up":[{"embeddable":true,"href":"https:\/\/hotelcasacanovas.com\/en\/wp-json\/wp\/v2\/pages\/1722"}],"wp:attachment":[{"href":"https:\/\/hotelcasacanovas.com\/en\/wp-json\/wp\/v2\/media?parent=2208"}],"curies":[{"name":"wp","href":"https:\/\/api.w.org\/{rel}","templated":true}]}}