{"id":1742,"date":"2025-09-08T11:02:19","date_gmt":"2025-09-08T11:02:19","guid":{"rendered":"https:\/\/hotelcasacanovas.com\/defiant\/?page_id=1742"},"modified":"2026-01-15T14:45:17","modified_gmt":"2026-01-15T14:45:17","slug":"accessibility","status":"publish","type":"page","link":"https:\/\/hotelcasacanovas.com\/en\/accesibilidad\/","title":{"rendered":"Accessibility"},"content":{"rendered":"<div data-elementor-type=\"wp-page\" data-elementor-id=\"1742\" class=\"elementor elementor-1742\" data-elementor-post-type=\"page\">\n\t\t\t\t<div class=\"elementor-element elementor-element-48e19df e-flex e-con-boxed e-con e-parent\" data-id=\"48e19df\" data-element_type=\"container\" data-e-type=\"container\" data-settings=\"{&quot;background_background&quot;:&quot;classic&quot;}\">\n\t\t\t\t\t<div class=\"e-con-inner\">\n\t\t\t\t<div class=\"elementor-element elementor-element-bdcfeab elementor-widget elementor-widget-heading\" data-id=\"bdcfeab\" data-element_type=\"widget\" data-e-type=\"widget\" data-widget_type=\"heading.default\">\n\t\t\t\t\t<h2 class=\"elementor-heading-title elementor-size-default\">Accessibility<\/h2>\t\t\t\t<\/div>\n\t\t\t\t<div class=\"elementor-element elementor-element-a5f4bca elementor-widget elementor-widget-text-editor\" data-id=\"a5f4bca\" data-element_type=\"widget\" data-e-type=\"widget\" data-widget_type=\"text-editor.default\">\n\t\t\t\t\t\t\t\t\t<p>COMMITMENT TO ACCESSIBILITY<\/p>\t\t\t\t\t\t\t\t<\/div>\n\t\t\t\t<div class=\"elementor-element elementor-element-40cc34b elementor-widget elementor-widget-text-editor\" data-id=\"40cc34b\" data-element_type=\"widget\" data-e-type=\"widget\" data-widget_type=\"text-editor.default\">\n\t\t\t\t\t\t\t\t\t<p>C\u00c1NOVAS 32 SUITES S.L. is committed to making its website accessible, in accordance with Royal Decree 1112\/2018, of 7 September, on the accessibility of websites and applications for mobile devices.<br \/>This accessibility statement applies to the website <a href=\"https:\/\/hotelcasacanovas.com\/en\/\"><strong>https:\/\/www.hotelcasacanovas.com\/<\/strong><\/a><br \/>This website is fully compliant with RD 1112\/2018.<br \/>As it meets the following requirements:<\/p><ul><li>The website is accessible to its users and, in particular, to the elderly and people with disabilities, so that the contents are perceptible, operable, understandable and robust, taking into account the rules of Article 6.<\/li><li>Accessibility has been integrally taken into account in the process of designing, managing, maintaining and updating the contents of the website.<\/li><li>The website has taken steps to increase accessibility with respect to the minimum level of accessibility that must be met at all times.<\/li><\/ul><div>\u00a0<\/div>\t\t\t\t\t\t\t\t<\/div>\n\t\t\t\t<div class=\"elementor-element elementor-element-86ee84c elementor-widget elementor-widget-text-editor\" data-id=\"86ee84c\" data-element_type=\"widget\" data-e-type=\"widget\" data-widget_type=\"text-editor.default\">\n\t\t\t\t\t\t\t\t\t<p>NON-COMPLIANCE WITH RD 1112\/2018<\/p>\t\t\t\t\t\t\t\t<\/div>\n\t\t\t\t<div class=\"elementor-element elementor-element-9eacc2b elementor-widget elementor-widget-text-editor\" data-id=\"9eacc2b\" data-element_type=\"widget\" data-e-type=\"widget\" data-widget_type=\"text-editor.default\">\n\t\t\t\t\t\t\t\t\t<p>Hotel Casa Canovas complies with RD 1112\/2018.<\/p>\t\t\t\t\t\t\t\t<\/div>\n\t\t\t\t<div class=\"elementor-element elementor-element-da8ca18 elementor-widget elementor-widget-text-editor\" data-id=\"da8ca18\" data-element_type=\"widget\" data-e-type=\"widget\" data-widget_type=\"text-editor.default\">\n\t\t\t\t\t\t\t\t\t<p>DISPROPORTIONATE BURDEN<\/p>\t\t\t\t\t\t\t\t<\/div>\n\t\t\t\t<div class=\"elementor-element elementor-element-9425aba elementor-widget elementor-widget-text-editor\" data-id=\"9425aba\" data-element_type=\"widget\" data-e-type=\"widget\" data-widget_type=\"text-editor.default\">\n\t\t\t\t\t\t\t\t\t<p>No disproportionate burden is considered to exist.<br \/>In order to assess the extent to which compliance with the accessibility requirements of this Royal Decree imposes a disproportionate burden, we have taken into account the following circumstances:<\/p><p style=\"padding-left: 40px;\">a) The size, resources and nature of the particular regulated entity.<br \/>(b) the estimated costs and benefits for it, in relation to the estimated benefits for persons with disabilities and older persons, taking into account the frequency and duration of use of the website or mobile application in particular.<\/p>\t\t\t\t\t\t\t\t<\/div>\n\t\t\t\t<div class=\"elementor-element elementor-element-7c404c6 elementor-widget elementor-widget-text-editor\" data-id=\"7c404c6\" data-element_type=\"widget\" data-e-type=\"widget\" data-widget_type=\"text-editor.default\">\n\t\t\t\t\t\t\t\t\t<p>THE CONTENT DOES NOT FALL WITHIN THE SCOPE OF THE APPLICABLE LEGISLATION<\/p>\t\t\t\t\t\t\t\t<\/div>\n\t\t\t\t<div class=\"elementor-element elementor-element-1bcfabe elementor-widget elementor-widget-text-editor\" data-id=\"1bcfabe\" data-element_type=\"widget\" data-e-type=\"widget\" data-widget_type=\"text-editor.default\">\n\t\t\t\t\t\t\t\t\t<p>n\/a<\/p>\t\t\t\t\t\t\t\t<\/div>\n\t\t\t\t<div class=\"elementor-element elementor-element-149de8e elementor-widget elementor-widget-text-editor\" data-id=\"149de8e\" data-element_type=\"widget\" data-e-type=\"widget\" data-widget_type=\"text-editor.default\">\n\t\t\t\t\t\t\t\t\t<p>PREPARATION FOR THE NEXT ACCESSIBILITY STATEMENT<\/p>\t\t\t\t\t\t\t\t<\/div>\n\t\t\t\t<div class=\"elementor-element elementor-element-2c59d64 elementor-widget elementor-widget-text-editor\" data-id=\"2c59d64\" data-element_type=\"widget\" data-e-type=\"widget\" data-widget_type=\"text-editor.default\">\n\t\t\t\t\t\t\t\t\t<p>This statement was prepared on 24 January 2024.<br \/>The method used to prepare the declaration was a self-assessment carried out by the agency itself.<\/p>\t\t\t\t\t\t\t\t<\/div>\n\t\t\t\t<div class=\"elementor-element elementor-element-39da440 elementor-widget elementor-widget-text-editor\" data-id=\"39da440\" data-element_type=\"widget\" data-e-type=\"widget\" data-widget_type=\"text-editor.default\">\n\t\t\t\t\t\t\t\t\t<p>REMARKS AND CONTACT DETAILS<\/p>\t\t\t\t\t\t\t\t<\/div>\n\t\t\t\t<div class=\"elementor-element elementor-element-727a06c elementor-widget elementor-widget-text-editor\" data-id=\"727a06c\" data-element_type=\"widget\" data-e-type=\"widget\" data-widget_type=\"text-editor.default\">\n\t\t\t\t\t\t\t\t\t<ul><li>You can make communications about accessibility requirements (article 10.2.a of RD 1112\/2018) such as, for example: Report any possible non-compliance by this website, communicate other difficulties in accessing the content, make any other query or suggestion for improvement related to the accessibility of the website via email. <strong><a href=\"mailto:concierge@hotelcasacanovas.com\">concierge@hotelcasacanovas.com<\/a><\/strong><\/li><li>You can submit: Complaint regarding compliance with the requirements of RD 1112\/2018 or request for Accessible Information regarding:<br \/>Content that is excluded from the scope of application of RD 1112\/2018 as established by Article 3, paragraph 4.<br \/>Content that is exempt from accessibility requirements because it imposes a disproportionate burden.<\/li><\/ul><div>\u00a0<\/div><p>In the Request for Accessible Information, the facts, reasons and request must be clearly stated in order to establish that the request is reasonable and legitimate.<\/p><p>Complaints and claims about accessible information shall be made via e-mail. <strong><a href=\"mailto:concierge@hotelcasacanovas.com\">concierge@hotelcasacanovas.com<\/a><\/strong>\u00a0which will be received and processed by C\u00c1NOVAS 32 SUITES S.L.<\/p>\t\t\t\t\t\t\t\t<\/div>\n\t\t\t\t\t<\/div>\n\t\t\t\t<\/div>\n\t\t\t\t<\/div>","protected":false},"excerpt":{"rendered":"<p>Accesibilidad COMPROMISO DE ACCESIBILIDAD C\u00c1NOVAS 32 SUITES S.L. se ha comprometido a hacer accesible su sitio web, de conformidad con el Real Decreto 1112\/2018, de 7 de septiembre, sobre accesibilidad de los sitios web y aplicaciones para dispositivos m\u00f3viles.La presente declaraci\u00f3n de accesibilidad se aplica al sitio web https:\/\/www.hotelcasacanovas.com\/Este sitio web es plenamente conforme con [&hellip;]<\/p>\n","protected":false},"author":9,"featured_media":0,"parent":0,"menu_order":0,"comment_status":"closed","ping_status":"closed","template":"","meta":{"footnotes":""},"class_list":["post-1742","page","type-page","status-publish","hentry"],"yoast_head":"<!-- This site is optimized with the Yoast SEO plugin v27.2 - https:\/\/yoast.com\/product\/yoast-seo-wordpress\/ -->\n<title>Accesibilidad | Hotel Casa C\u00e1novas<\/title>\n<meta name=\"robots\" content=\"noindex, nofollow\" \/>\n<meta property=\"og:locale\" content=\"en_GB\" \/>\n<meta property=\"og:type\" content=\"article\" \/>\n<meta property=\"og:title\" content=\"Accesibilidad | Hotel Casa C\u00e1novas\" \/>\n<meta property=\"og:description\" content=\"Accesibilidad COMPROMISO DE ACCESIBILIDAD C\u00c1NOVAS 32 SUITES S.L. se ha comprometido a hacer accesible su sitio web, de conformidad con el Real Decreto 1112\/2018, de 7 de septiembre, sobre accesibilidad de los sitios web y aplicaciones para dispositivos m\u00f3viles.La presente declaraci\u00f3n de accesibilidad se aplica al sitio web https:\/\/www.hotelcasacanovas.com\/Este sitio web es plenamente conforme con [&hellip;]\" \/>\n<meta property=\"og:url\" content=\"https:\/\/hotelcasacanovas.com\/en\/accessibility\/\" \/>\n<meta property=\"og:site_name\" content=\"Hotel Casa C\u00e1novas\" \/>\n<meta property=\"article:modified_time\" content=\"2026-01-15T14:45:17+00:00\" \/>\n<meta property=\"og:image\" content=\"https:\/\/hotelcasacanovas.com\/wp-content\/uploads\/2025\/10\/terraza-cadiz-hotel.webp\" \/>\n\t<meta property=\"og:image:width\" content=\"1284\" \/>\n\t<meta property=\"og:image:height\" content=\"1594\" \/>\n\t<meta property=\"og:image:type\" content=\"image\/webp\" \/>\n<meta name=\"twitter:card\" content=\"summary_large_image\" \/>\n<meta name=\"twitter:label1\" content=\"Estimated reading time\" \/>\n\t<meta name=\"twitter:data1\" content=\"3 minutes\" \/>\n<script type=\"application\/ld+json\" class=\"yoast-schema-graph\">{\"@context\":\"https:\/\/schema.org\",\"@graph\":[{\"@type\":\"WebPage\",\"@id\":\"https:\/\/hotelcasacanovas.com\/accesibilidad\/\",\"url\":\"https:\/\/hotelcasacanovas.com\/accesibilidad\/\",\"name\":\"Accesibilidad | Hotel Casa C\u00e1novas\",\"isPartOf\":{\"@id\":\"https:\/\/hotelcasacanovas.com\/#website\"},\"datePublished\":\"2025-09-08T11:02:19+00:00\",\"dateModified\":\"2026-01-15T14:45:17+00:00\",\"breadcrumb\":{\"@id\":\"https:\/\/hotelcasacanovas.com\/accesibilidad\/#breadcrumb\"},\"inLanguage\":\"en-GB\",\"potentialAction\":[{\"@type\":\"ReadAction\",\"target\":[\"https:\/\/hotelcasacanovas.com\/accesibilidad\/\"]}]},{\"@type\":\"BreadcrumbList\",\"@id\":\"https:\/\/hotelcasacanovas.com\/accesibilidad\/#breadcrumb\",\"itemListElement\":[{\"@type\":\"ListItem\",\"position\":1,\"name\":\"Portada\",\"item\":\"https:\/\/hotelcasacanovas.com\/\"},{\"@type\":\"ListItem\",\"position\":2,\"name\":\"Accesibilidad\"}]},{\"@type\":\"WebSite\",\"@id\":\"https:\/\/hotelcasacanovas.com\/#website\",\"url\":\"https:\/\/hotelcasacanovas.com\/\",\"name\":\"Hotel Casa C\u00e1novas\",\"description\":\"Hotel en C\u00e1diz \u00danico &amp; Vanguardista\",\"publisher\":{\"@id\":\"https:\/\/hotelcasacanovas.com\/#organization\"},\"alternateName\":\"Hotel Casa C\u00e1novas en C\u00e1diz\",\"potentialAction\":[{\"@type\":\"SearchAction\",\"target\":{\"@type\":\"EntryPoint\",\"urlTemplate\":\"https:\/\/hotelcasacanovas.com\/?s={search_term_string}\"},\"query-input\":{\"@type\":\"PropertyValueSpecification\",\"valueRequired\":true,\"valueName\":\"search_term_string\"}}],\"inLanguage\":\"en-GB\"},{\"@type\":\"Organization\",\"@id\":\"https:\/\/hotelcasacanovas.com\/#organization\",\"name\":\"Hotel Casa C\u00e1novas\",\"alternateName\":\"Hotel Casa C\u00e1novas | Hotel en C\u00e1diz\",\"url\":\"https:\/\/hotelcasacanovas.com\/\",\"logo\":{\"@type\":\"ImageObject\",\"inLanguage\":\"en-GB\",\"@id\":\"https:\/\/hotelcasacanovas.com\/#\/schema\/logo\/image\/\",\"url\":\"https:\/\/hotelcasacanovas.com\/wp-content\/uploads\/2025\/09\/logo_CasaCanovas_fondoNegro-1.webp\",\"contentUrl\":\"https:\/\/hotelcasacanovas.com\/wp-content\/uploads\/2025\/09\/logo_CasaCanovas_fondoNegro-1.webp\",\"width\":663,\"height\":494,\"caption\":\"Hotel Casa C\u00e1novas\"},\"image\":{\"@id\":\"https:\/\/hotelcasacanovas.com\/#\/schema\/logo\/image\/\"},\"sameAs\":[\"https:\/\/www.instagram.com\/casacanovashotel\/\",\"https:\/\/www.facebook.com\/profile.php?id=100071179719581\"]}]}<\/script>\n<!-- \/ Yoast SEO plugin. -->","yoast_head_json":{"title":"Accessibility : Hotel Casa C\u00e1novas","robots":{"index":"noindex","follow":"nofollow"},"og_locale":"en_GB","og_type":"article","og_title":"Accesibilidad | Hotel Casa C\u00e1novas","og_description":"Accesibilidad COMPROMISO DE ACCESIBILIDAD C\u00c1NOVAS 32 SUITES S.L. se ha comprometido a hacer accesible su sitio web, de conformidad con el Real Decreto 1112\/2018, de 7 de septiembre, sobre accesibilidad de los sitios web y aplicaciones para dispositivos m\u00f3viles.La presente declaraci\u00f3n de accesibilidad se aplica al sitio web https:\/\/www.hotelcasacanovas.com\/Este sitio web es plenamente conforme con [&hellip;]","og_url":"https:\/\/hotelcasacanovas.com\/en\/accessibility\/","og_site_name":"Hotel Casa C\u00e1novas","article_modified_time":"2026-01-15T14:45:17+00:00","og_image":[{"width":1284,"height":1594,"url":"https:\/\/hotelcasacanovas.com\/wp-content\/uploads\/2025\/10\/terraza-cadiz-hotel.webp","type":"image\/webp"}],"twitter_card":"summary_large_image","twitter_misc":{"Estimated reading time":"3 minutes"},"schema":{"@context":"https:\/\/schema.org","@graph":[{"@type":"WebPage","@id":"https:\/\/hotelcasacanovas.com\/accesibilidad\/","url":"https:\/\/hotelcasacanovas.com\/accesibilidad\/","name":"Accessibility : Hotel Casa C\u00e1novas","isPartOf":{"@id":"https:\/\/hotelcasacanovas.com\/#website"},"datePublished":"2025-09-08T11:02:19+00:00","dateModified":"2026-01-15T14:45:17+00:00","breadcrumb":{"@id":"https:\/\/hotelcasacanovas.com\/accesibilidad\/#breadcrumb"},"inLanguage":"en-GB","potentialAction":[{"@type":"ReadAction","target":["https:\/\/hotelcasacanovas.com\/accesibilidad\/"]}]},{"@type":"BreadcrumbList","@id":"https:\/\/hotelcasacanovas.com\/accesibilidad\/#breadcrumb","itemListElement":[{"@type":"ListItem","position":1,"name":"Portada","item":"https:\/\/hotelcasacanovas.com\/"},{"@type":"ListItem","position":2,"name":"Accesibilidad"}]},{"@type":"WebSite","@id":"https:\/\/hotelcasacanovas.com\/#website","url":"https:\/\/hotelcasacanovas.com\/","name":"Hotel Casa C\u00e1novas","description":"Unique &amp; Avant-garde Hotel in Cadiz","publisher":{"@id":"https:\/\/hotelcasacanovas.com\/#organization"},"alternateName":"Hotel Casa C\u00e1novas en C\u00e1diz","potentialAction":[{"@type":"SearchAction","target":{"@type":"EntryPoint","urlTemplate":"https:\/\/hotelcasacanovas.com\/?s={search_term_string}"},"query-input":{"@type":"PropertyValueSpecification","valueRequired":true,"valueName":"search_term_string"}}],"inLanguage":"en-GB"},{"@type":"Organization","@id":"https:\/\/hotelcasacanovas.com\/#organization","name":"Hotel Casa C\u00e1novas","alternateName":"Hotel Casa C\u00e1novas | Hotel en C\u00e1diz","url":"https:\/\/hotelcasacanovas.com\/","logo":{"@type":"ImageObject","inLanguage":"en-GB","@id":"https:\/\/hotelcasacanovas.com\/#\/schema\/logo\/image\/","url":"https:\/\/hotelcasacanovas.com\/wp-content\/uploads\/2025\/09\/logo_CasaCanovas_fondoNegro-1.webp","contentUrl":"https:\/\/hotelcasacanovas.com\/wp-content\/uploads\/2025\/09\/logo_CasaCanovas_fondoNegro-1.webp","width":663,"height":494,"caption":"Hotel Casa C\u00e1novas"},"image":{"@id":"https:\/\/hotelcasacanovas.com\/#\/schema\/logo\/image\/"},"sameAs":["https:\/\/www.instagram.com\/casacanovashotel\/","https:\/\/www.facebook.com\/profile.php?id=100071179719581"]}]}},"_links":{"self":[{"href":"https:\/\/hotelcasacanovas.com\/en\/wp-json\/wp\/v2\/pages\/1742","targetHints":{"allow":["GET"]}}],"collection":[{"href":"https:\/\/hotelcasacanovas.com\/en\/wp-json\/wp\/v2\/pages"}],"about":[{"href":"https:\/\/hotelcasacanovas.com\/en\/wp-json\/wp\/v2\/types\/page"}],"author":[{"embeddable":true,"href":"https:\/\/hotelcasacanovas.com\/en\/wp-json\/wp\/v2\/users\/9"}],"replies":[{"embeddable":true,"href":"https:\/\/hotelcasacanovas.com\/en\/wp-json\/wp\/v2\/comments?post=1742"}],"version-history":[{"count":3,"href":"https:\/\/hotelcasacanovas.com\/en\/wp-json\/wp\/v2\/pages\/1742\/revisions"}],"predecessor-version":[{"id":2796,"href":"https:\/\/hotelcasacanovas.com\/en\/wp-json\/wp\/v2\/pages\/1742\/revisions\/2796"}],"wp:attachment":[{"href":"https:\/\/hotelcasacanovas.com\/en\/wp-json\/wp\/v2\/media?parent=1742"}],"curies":[{"name":"wp","href":"https:\/\/api.w.org\/{rel}","templated":true}]}}